{"id":6903,"date":"2023-02-28T18:00:54","date_gmt":"2023-02-28T18:00:54","guid":{"rendered":"https:\/\/go4marketing-arco.siteonwp.cloud\/?page_id=6903"},"modified":"2023-12-13T22:25:23","modified_gmt":"2023-12-13T21:25:23","slug":"french-desk","status":"publish","type":"page","link":"https:\/\/www.arcoabogados.es\/en\/french-desk","title":{"rendered":"French desk"},"content":{"rendered":"<p><div class=\"fusion-fullwidth fullwidth-box fusion-builder-row-1 fusion-flex-container nonhundred-percent-fullwidth non-hundred-percent-height-scrolling\" style=\"--awb-border-radius-top-left:0px;--awb-border-radius-top-right:0px;--awb-border-radius-bottom-right:0px;--awb-border-radius-bottom-left:0px;--awb-flex-wrap:wrap;\" ><div class=\"fusion-builder-row fusion-row fusion-flex-align-items-flex-start fusion-flex-content-wrap\" style=\"max-width:1248px;margin-left: calc(-4% \/ 2 );margin-right: calc(-4% \/ 2 );\"><div class=\"fusion-layout-column fusion_builder_column fusion-builder-column-0 fusion_builder_column_1_1 1_1 fusion-flex-column\" style=\"--awb-bg-size:cover;--awb-width-large:100%;--awb-margin-top-large:0px;--awb-spacing-right-large:1.92%;--awb-margin-bottom-large:20px;--awb-spacing-left-large:1.92%;--awb-width-medium:100%;--awb-order-medium:0;--awb-spacing-right-medium:1.92%;--awb-spacing-left-medium:1.92%;--awb-width-small:100%;--awb-order-small:0;--awb-spacing-right-small:1.92%;--awb-spacing-left-small:1.92%;\"><div class=\"fusion-column-wrapper fusion-column-has-shadow fusion-flex-justify-content-flex-start fusion-content-layout-column\"><div class=\"fusion-title title fusion-title-1 fusion-sep-none fusion-title-text fusion-title-size-two\" style=\"--awb-text-color:#cc0033;--awb-margin-top-small:10px;--awb-margin-right-small:0px;--awb-margin-bottom-small:10px;--awb-margin-left-small:0px;\"><h2 class=\"fusion-title-heading title-heading-left\" style=\"margin:0;\">French desk<\/h2><\/div><\/div><\/div><\/div><\/div><div class=\"fusion-fullwidth fullwidth-box fusion-builder-row-2 fusion-flex-container nonhundred-percent-fullwidth non-hundred-percent-height-scrolling\" style=\"--awb-border-radius-top-left:0px;--awb-border-radius-top-right:0px;--awb-border-radius-bottom-right:0px;--awb-border-radius-bottom-left:0px;--awb-padding-top:0px;--awb-margin-top:0px;--awb-flex-wrap:wrap;\" ><div class=\"fusion-builder-row fusion-row fusion-flex-align-items-stretch fusion-flex-content-wrap\" style=\"max-width:1248px;margin-left: calc(-4% \/ 2 );margin-right: calc(-4% \/ 2 );\"><div class=\"fusion-layout-column fusion_builder_column fusion-builder-column-1 fusion_builder_column_1_2 1_2 fusion-flex-column\" style=\"--awb-bg-size:cover;--awb-width-large:50%;--awb-margin-top-large:0px;--awb-spacing-right-large:3.84%;--awb-margin-bottom-large:20px;--awb-spacing-left-large:3.84%;--awb-width-medium:100%;--awb-order-medium:0;--awb-spacing-right-medium:1.92%;--awb-spacing-left-medium:1.92%;--awb-width-small:100%;--awb-order-small:0;--awb-spacing-right-small:1.92%;--awb-spacing-left-small:1.92%;\"><div class=\"fusion-column-wrapper fusion-column-has-shadow fusion-flex-justify-content-flex-start fusion-content-layout-column\"><div class=\"fusion-text fusion-text-1\"><p>ARCO is delighted to offer its French clients advice in their own language, and also has experience and knowledge of French companies\u2019 \u201csavoir-faire\u201d and of the common problems they encounter with their operations in Spain.<\/p>\n<p>To strengthen these ties, we have created the French Desk, comprising a range of professionals who are familiar with dealing with French clients and who offer cross-sectional experience.<\/p>\n<p>We also apply this experience to provide our Spanish clients with advice on their investment operations in French-speaking countries.<\/p>\n<\/div><\/div><\/div><div class=\"fusion-layout-column fusion_builder_column fusion-builder-column-2 fusion_builder_column_1_2 1_2 fusion-flex-column\" style=\"--awb-bg-size:cover;--awb-width-large:50%;--awb-margin-top-large:0px;--awb-spacing-right-large:3.84%;--awb-margin-bottom-large:20px;--awb-spacing-left-large:3.84%;--awb-width-medium:100%;--awb-order-medium:0;--awb-spacing-right-medium:1.92%;--awb-spacing-left-medium:1.92%;--awb-width-small:100%;--awb-order-small:0;--awb-spacing-right-small:1.92%;--awb-spacing-left-small:1.92%;\"><div class=\"fusion-column-wrapper fusion-column-has-shadow fusion-flex-justify-content-flex-start fusion-content-layout-column\"><div class=\"fusion-text fusion-text-2\"><p><em>ARCO est en mesure d&#8217;offrir aux clients francophones un conseil dans leur langue, ainsi que l&#8217;exp\u00e9rience et la connaissance du savoir-faire des entreprises fran\u00e7aises et de la probl\u00e9matique actuelle pour leurs op\u00e9rations en Espagne.<\/em><\/p>\n<p><em>C&#8217;est pour renforcer ces liens que nous avons cr\u00e9\u00e9 le French Desk. Il regroupe diff\u00e9rents professionnels habitu\u00e9s aux demandes des clients fran\u00e7ais, capables de leur apporter une exp\u00e9rience transversale.<\/em><\/p>\n<p><em>Nous appliquons \u00e9galement cette exp\u00e9rience \u00e0 l&#8217;activit\u00e9 de conseil de clients espagnols pour leurs op\u00e9rations et leurs investissements en pays francophones<\/em>.<\/p>\n<\/div><\/div><\/div><\/div><\/div><div class=\"fusion-fullwidth fullwidth-box fusion-builder-row-3 fusion-flex-container nonhundred-percent-fullwidth non-hundred-percent-height-scrolling\" style=\"--awb-border-radius-top-left:0px;--awb-border-radius-top-right:0px;--awb-border-radius-bottom-right:0px;--awb-border-radius-bottom-left:0px;--awb-padding-top:50px;--awb-padding-bottom:50px;--awb-background-color:#282828;--awb-flex-wrap:wrap;\" ><div class=\"fusion-builder-row fusion-row fusion-flex-align-items-center fusion-flex-content-wrap\" style=\"max-width:1248px;margin-left: calc(-4% \/ 2 );margin-right: calc(-4% \/ 2 );\"><div class=\"fusion-layout-column fusion_builder_column fusion-builder-column-3 fusion_builder_column_3_4 3_4 fusion-flex-column\" style=\"--awb-bg-size:cover;--awb-width-large:75%;--awb-margin-top-large:20px;--awb-spacing-right-large:3.84%;--awb-margin-bottom-large:20px;--awb-spacing-left-large:2.56%;--awb-width-medium:100%;--awb-order-medium:0;--awb-spacing-right-medium:1.92%;--awb-spacing-left-medium:1.92%;--awb-width-small:100%;--awb-order-small:0;--awb-spacing-right-small:1.92%;--awb-spacing-left-small:1.92%;\"><div class=\"fusion-column-wrapper fusion-column-has-shadow fusion-flex-justify-content-flex-start fusion-content-layout-column\"><div class=\"fusion-text fusion-text-3\" style=\"--awb-text-color:#ffffff;\"><p><strong>Get in contact<\/strong><\/p>\n<p>If you have any questions about Arco Abogados or our global services, please get in touch.<br \/>\nWe will respond to you as soon as possible.<\/p>\n<\/div><div class=\"fusion-modal modal fade modal-1 expert\" tabindex=\"-1\" role=\"dialog\" aria-labelledby=\"modal-heading-1\" aria-hidden=\"true\" style=\"--awb-border-color:#e2e2e2;--awb-background:#ffffff;\"><div class=\"modal-dialog modal-lg\" role=\"document\"><div class=\"modal-content fusion-modal-content\"><div class=\"modal-header\"><button class=\"close\" type=\"button\" data-dismiss=\"modal\" aria-hidden=\"true\" aria-label=\"Close\">&times;<\/button><h3 class=\"modal-title\" id=\"modal-heading-1\" data-dismiss=\"modal\" aria-hidden=\"true\">Ask One of Our Experts!<\/h3><\/div><div class=\"modal-body fusion-clearfix\">\n<p>We are at your service to assist you. If you have any questions or require advice, please feel free to contact us. At ARCO Abogados, we are committed to providing you with the guidance and support necessary to address your concerns effectively and reliably.<\/p>\n<div class=\"fusion-separator fusion-full-width-sep\" style=\"align-self: center;margin-left: auto;margin-right: auto;margin-top:10px;margin-bottom:10px;width:100%;\"><\/div>\n\n<div class=\"wpcf7 no-js\" id=\"wpcf7-f776-o1\" lang=\"en-US\" dir=\"ltr\" data-wpcf7-id=\"776\">\n<div class=\"screen-reader-response\"><p role=\"status\" aria-live=\"polite\" aria-atomic=\"true\"><\/p> <ul><\/ul><\/div>\n<form action=\"\/en\/wp-json\/wp\/v2\/pages\/6903#wpcf7-f776-o1\" method=\"post\" class=\"wpcf7-form init\" aria-label=\"Contact form\" novalidate=\"novalidate\" data-status=\"init\">\n<fieldset class=\"hidden-fields-container\"><input type=\"hidden\" name=\"_wpcf7\" value=\"776\" \/><input type=\"hidden\" name=\"_wpcf7_version\" value=\"6.1.5\" \/><input type=\"hidden\" name=\"_wpcf7_locale\" value=\"en_US\" \/><input type=\"hidden\" name=\"_wpcf7_unit_tag\" value=\"wpcf7-f776-o1\" \/><input type=\"hidden\" name=\"_wpcf7_container_post\" value=\"0\" \/><input type=\"hidden\" name=\"_wpcf7_posted_data_hash\" value=\"\" \/><input type=\"hidden\" name=\"_wpcf7_recaptcha_response\" value=\"\" \/>\n<\/fieldset>\n<p><label>NAME<br \/>\n<span class=\"wpcf7-form-control-wrap\" data-name=\"your-name\"><input size=\"40\" maxlength=\"400\" class=\"wpcf7-form-control wpcf7-text wpcf7-validates-as-required\" aria-required=\"true\" aria-invalid=\"false\" value=\"\" type=\"text\" name=\"your-name\" \/><\/span> <\/label>\n<\/p>\n<div class=\"fusion-one-half fusion-layout-column fusion-spacing-yes\" style=\"margin-bottom: 0px\">\n\t<p><label>TELEPHONE<br \/>\n<span class=\"wpcf7-form-control-wrap\" data-name=\"your-tel\"><input size=\"40\" maxlength=\"400\" class=\"wpcf7-form-control wpcf7-text wpcf7-validates-as-required\" aria-required=\"true\" aria-invalid=\"false\" value=\"\" type=\"text\" name=\"your-tel\" \/><\/span> <\/label>\n\t<\/p>\n<\/div>\n<div class=\"fusion-one-half fusion-layout-column fusion-column-last fusion-spacing-yes\" style=\"margin-bottom: 0px\">\n\t<p><label>EMAIL<br \/>\n<span class=\"wpcf7-form-control-wrap\" data-name=\"your-email\"><input size=\"40\" maxlength=\"400\" class=\"wpcf7-form-control wpcf7-email wpcf7-validates-as-required wpcf7-text wpcf7-validates-as-email\" aria-required=\"true\" aria-invalid=\"false\" value=\"\" type=\"email\" name=\"your-email\" \/><\/span> <\/label>\n\t<\/p>\n<\/div>\n<p><label>SUBJECT<br \/>\n<span class=\"wpcf7-form-control-wrap\" data-name=\"your-subject\"><input size=\"40\" maxlength=\"400\" class=\"wpcf7-form-control wpcf7-text wpcf7-validates-as-required\" aria-required=\"true\" aria-invalid=\"false\" value=\"\" type=\"text\" name=\"your-subject\" \/><\/span> <\/label>\n<\/p>\n<p><label>MESSAGE<br \/>\n<span class=\"wpcf7-form-control-wrap\" data-name=\"your-message\"><textarea cols=\"40\" rows=\"10\" maxlength=\"2000\" class=\"wpcf7-form-control wpcf7-textarea wpcf7-validates-as-required\" aria-required=\"true\" aria-invalid=\"false\" name=\"your-message\"><\/textarea><\/span> <\/label>\n<\/p>\n<p><span class=\"wpcf7-form-control-wrap\" data-name=\"acceptance-176\"><span class=\"wpcf7-form-control wpcf7-acceptance\"><span class=\"wpcf7-list-item\"><label><input type=\"checkbox\" name=\"acceptance-176\" value=\"1\" aria-invalid=\"false\" \/><span class=\"wpcf7-list-item-label\">Yes, I consent to my data being stored according to the guidelines set out in the <a href=\"\/?p=4689\" target=\"_blank\">Privacy Policy<\/a>.<\/span><\/label><\/span><\/span><\/span>\n<\/p>\n<p><small>This site is protected by reCAPTCHA and the Google <a href=\"https:\/\/policies.google.com\/privacy\">Privacy Policy<\/a> and <a href=\"https:\/\/policies.google.com\/terms\">Terms of Service<\/a> apply.<\/small>\n<\/p>\n<p><input class=\"wpcf7-form-control wpcf7-submit has-spinner\" type=\"submit\" value=\"SUBMIT MESSAGE\" \/>\n<\/p><div class=\"fusion-alert alert custom alert-custom fusion-alert-center wpcf7-response-output awb-alert-native-link-color alert-dismissable awb-alert-close-boxed\" style=\"--awb-border-size:1px;--awb-border-top-left-radius:0px;--awb-border-top-right-radius:0px;--awb-border-bottom-left-radius:0px;--awb-border-bottom-right-radius:0px;\" role=\"alert\"><div class=\"fusion-alert-content-wrapper\"><span class=\"fusion-alert-content\"><\/span><\/div><button type=\"button\" class=\"close toggle-alert\" data-dismiss=\"alert\" aria-label=\"Close\">&times;<\/button><\/div>\n<\/form>\n<\/div>\n\n<\/div><\/div><\/div><\/div><\/div><\/div><div class=\"fusion-layout-column fusion_builder_column fusion-builder-column-4 fusion_builder_column_1_4 1_4 fusion-flex-column\" style=\"--awb-bg-size:cover;--awb-width-large:25%;--awb-margin-top-large:20px;--awb-spacing-right-large:7.68%;--awb-margin-bottom-large:20px;--awb-spacing-left-large:3.84%;--awb-width-medium:100%;--awb-order-medium:0;--awb-spacing-right-medium:1.92%;--awb-spacing-left-medium:1.92%;--awb-width-small:100%;--awb-order-small:0;--awb-spacing-right-small:1.92%;--awb-spacing-left-small:1.92%;\"><div class=\"fusion-column-wrapper fusion-column-has-shadow fusion-flex-justify-content-center fusion-content-layout-row fusion-flex-align-items-center\"><div ><a class=\"fusion-button button-flat button-xlarge button-custom fusion-button-default button-1 fusion-button-default-span fusion-button-default-type\" style=\"--button_accent_color:var(--awb-color1);--button_border_color:#ffffff;--button_accent_hover_color:#282828;--button_border_hover_color:#ffffff;--button_border_width-top:1px;--button_border_width-right:1px;--button_border_width-bottom:1px;--button_border_width-left:1px;--button_gradient_top_color:#282828;--button_gradient_bottom_color:#282828;--button_gradient_top_color_hover:#ffffff;--button_gradient_bottom_color_hover:#ffffff;\" target=\"_self\" href=\"#\" data-toggle=\"modal\" data-target=\".fusion-modal.expert\"><span class=\"fusion-button-text awb-button__text awb-button__text--default\">Contact<\/span><\/a><\/div><\/div><\/div><\/div><\/div>\n<\/p>\n","protected":false},"excerpt":{"rendered":"","protected":false},"author":6,"featured_media":0,"parent":0,"menu_order":0,"comment_status":"closed","ping_status":"closed","template":"100-width.php","meta":{"footnotes":""},"class_list":["post-6903","page","type-page","status-publish","hentry"],"yoast_head":"<!-- This site is optimized with the Yoast SEO plugin v27.2 - https:\/\/yoast.com\/product\/yoast-seo-wordpress\/ -->\n<title>French desk - ARCO Abogados<\/title>\n<meta name=\"robots\" content=\"index, follow, max-snippet:-1, max-image-preview:large, max-video-preview:-1\" \/>\n<link rel=\"canonical\" href=\"https:\/\/www.arcoabogados.es\/en\/french-desk\" \/>\n<meta property=\"og:locale\" content=\"en_US\" \/>\n<meta property=\"og:type\" content=\"article\" \/>\n<meta property=\"og:title\" content=\"French desk - ARCO Abogados\" \/>\n<meta property=\"og:url\" content=\"https:\/\/www.arcoabogados.es\/en\/french-desk\" \/>\n<meta property=\"og:site_name\" content=\"ARCO Abogados\" \/>\n<meta property=\"article:modified_time\" content=\"2023-12-13T21:25:23+00:00\" \/>\n<meta name=\"twitter:card\" content=\"summary_large_image\" \/>\n<script type=\"application\/ld+json\" class=\"yoast-schema-graph\">{\"@context\":\"https:\/\/schema.org\",\"@graph\":[{\"@type\":\"WebPage\",\"@id\":\"https:\/\/www.arcoabogados.es\/en\/french-desk\",\"url\":\"https:\/\/www.arcoabogados.es\/en\/french-desk\",\"name\":\"French desk - ARCO Abogados\",\"isPartOf\":{\"@id\":\"https:\/\/www.arcoabogados.es\/en#website\"},\"datePublished\":\"2023-02-28T18:00:54+00:00\",\"dateModified\":\"2023-12-13T21:25:23+00:00\",\"breadcrumb\":{\"@id\":\"https:\/\/www.arcoabogados.es\/en\/french-desk#breadcrumb\"},\"inLanguage\":\"en-US\",\"potentialAction\":[{\"@type\":\"ReadAction\",\"target\":[\"https:\/\/www.arcoabogados.es\/en\/french-desk\"]}]},{\"@type\":\"BreadcrumbList\",\"@id\":\"https:\/\/www.arcoabogados.es\/en\/french-desk#breadcrumb\",\"itemListElement\":[{\"@type\":\"ListItem\",\"position\":1,\"name\":\"Home\",\"item\":\"https:\/\/www.arcoabogados.es\/en\"},{\"@type\":\"ListItem\",\"position\":2,\"name\":\"French desk\"}]},{\"@type\":\"WebSite\",\"@id\":\"https:\/\/www.arcoabogados.es\/en#website\",\"url\":\"https:\/\/www.arcoabogados.es\/en\",\"name\":\"ARCO Abogados\",\"description\":\"Leading Tax and Legal Practice in Spain\",\"publisher\":{\"@id\":\"https:\/\/www.arcoabogados.es\/en#organization\"},\"potentialAction\":[{\"@type\":\"SearchAction\",\"target\":{\"@type\":\"EntryPoint\",\"urlTemplate\":\"https:\/\/www.arcoabogados.es\/en?s={search_term_string}\"},\"query-input\":{\"@type\":\"PropertyValueSpecification\",\"valueRequired\":true,\"valueName\":\"search_term_string\"}}],\"inLanguage\":\"en-US\"},{\"@type\":\"Organization\",\"@id\":\"https:\/\/www.arcoabogados.es\/en#organization\",\"name\":\"ARCO Abogados\",\"url\":\"https:\/\/www.arcoabogados.es\/en\",\"logo\":{\"@type\":\"ImageObject\",\"inLanguage\":\"en-US\",\"@id\":\"https:\/\/www.arcoabogados.es\/en#\/schema\/logo\/image\/\",\"url\":\"https:\/\/www.arcoabogados.es\/wp-content\/uploads\/2023\/07\/arco-logo-160px.png\",\"contentUrl\":\"https:\/\/www.arcoabogados.es\/wp-content\/uploads\/2023\/07\/arco-logo-160px.png\",\"width\":160,\"height\":42,\"caption\":\"ARCO Abogados\"},\"image\":{\"@id\":\"https:\/\/www.arcoabogados.es\/en#\/schema\/logo\/image\/\"},\"sameAs\":[\"https:\/\/www.linkedin.com\/company\/arcoabogados\/\"]}]}<\/script>\n<!-- \/ Yoast SEO plugin. -->","yoast_head_json":{"title":"French desk - ARCO Abogados","robots":{"index":"index","follow":"follow","max-snippet":"max-snippet:-1","max-image-preview":"max-image-preview:large","max-video-preview":"max-video-preview:-1"},"canonical":"https:\/\/www.arcoabogados.es\/en\/french-desk","og_locale":"en_US","og_type":"article","og_title":"French desk - ARCO Abogados","og_url":"https:\/\/www.arcoabogados.es\/en\/french-desk","og_site_name":"ARCO Abogados","article_modified_time":"2023-12-13T21:25:23+00:00","twitter_card":"summary_large_image","schema":{"@context":"https:\/\/schema.org","@graph":[{"@type":"WebPage","@id":"https:\/\/www.arcoabogados.es\/en\/french-desk","url":"https:\/\/www.arcoabogados.es\/en\/french-desk","name":"French desk - ARCO Abogados","isPartOf":{"@id":"https:\/\/www.arcoabogados.es\/en#website"},"datePublished":"2023-02-28T18:00:54+00:00","dateModified":"2023-12-13T21:25:23+00:00","breadcrumb":{"@id":"https:\/\/www.arcoabogados.es\/en\/french-desk#breadcrumb"},"inLanguage":"en-US","potentialAction":[{"@type":"ReadAction","target":["https:\/\/www.arcoabogados.es\/en\/french-desk"]}]},{"@type":"BreadcrumbList","@id":"https:\/\/www.arcoabogados.es\/en\/french-desk#breadcrumb","itemListElement":[{"@type":"ListItem","position":1,"name":"Home","item":"https:\/\/www.arcoabogados.es\/en"},{"@type":"ListItem","position":2,"name":"French desk"}]},{"@type":"WebSite","@id":"https:\/\/www.arcoabogados.es\/en#website","url":"https:\/\/www.arcoabogados.es\/en","name":"ARCO Abogados","description":"Leading Tax and Legal Practice in Spain","publisher":{"@id":"https:\/\/www.arcoabogados.es\/en#organization"},"potentialAction":[{"@type":"SearchAction","target":{"@type":"EntryPoint","urlTemplate":"https:\/\/www.arcoabogados.es\/en?s={search_term_string}"},"query-input":{"@type":"PropertyValueSpecification","valueRequired":true,"valueName":"search_term_string"}}],"inLanguage":"en-US"},{"@type":"Organization","@id":"https:\/\/www.arcoabogados.es\/en#organization","name":"ARCO Abogados","url":"https:\/\/www.arcoabogados.es\/en","logo":{"@type":"ImageObject","inLanguage":"en-US","@id":"https:\/\/www.arcoabogados.es\/en#\/schema\/logo\/image\/","url":"https:\/\/www.arcoabogados.es\/wp-content\/uploads\/2023\/07\/arco-logo-160px.png","contentUrl":"https:\/\/www.arcoabogados.es\/wp-content\/uploads\/2023\/07\/arco-logo-160px.png","width":160,"height":42,"caption":"ARCO Abogados"},"image":{"@id":"https:\/\/www.arcoabogados.es\/en#\/schema\/logo\/image\/"},"sameAs":["https:\/\/www.linkedin.com\/company\/arcoabogados\/"]}]}},"_links":{"self":[{"href":"https:\/\/www.arcoabogados.es\/en\/wp-json\/wp\/v2\/pages\/6903","targetHints":{"allow":["GET"]}}],"collection":[{"href":"https:\/\/www.arcoabogados.es\/en\/wp-json\/wp\/v2\/pages"}],"about":[{"href":"https:\/\/www.arcoabogados.es\/en\/wp-json\/wp\/v2\/types\/page"}],"author":[{"embeddable":true,"href":"https:\/\/www.arcoabogados.es\/en\/wp-json\/wp\/v2\/users\/6"}],"replies":[{"embeddable":true,"href":"https:\/\/www.arcoabogados.es\/en\/wp-json\/wp\/v2\/comments?post=6903"}],"version-history":[{"count":15,"href":"https:\/\/www.arcoabogados.es\/en\/wp-json\/wp\/v2\/pages\/6903\/revisions"}],"predecessor-version":[{"id":8132,"href":"https:\/\/www.arcoabogados.es\/en\/wp-json\/wp\/v2\/pages\/6903\/revisions\/8132"}],"wp:attachment":[{"href":"https:\/\/www.arcoabogados.es\/en\/wp-json\/wp\/v2\/media?parent=6903"}],"curies":[{"name":"wp","href":"https:\/\/api.w.org\/{rel}","templated":true}]}}