{"id":10282,"date":"2021-08-06T13:57:18","date_gmt":"2021-08-06T11:57:18","guid":{"rendered":"https:\/\/www.arcoabogados.es\/informacio-de-lempresa"},"modified":"2026-02-02T13:21:50","modified_gmt":"2026-02-02T12:21:50","slug":"avis-legal","status":"publish","type":"page","link":"https:\/\/www.arcoabogados.es\/ca\/avis-legal","title":{"rendered":"Av\u00eds legal"},"content":{"rendered":"<p><div class=\"fusion-fullwidth fullwidth-box fusion-builder-row-1 nonhundred-percent-fullwidth non-hundred-percent-height-scrolling\" style=\"--awb-border-radius-top-left:0px;--awb-border-radius-top-right:0px;--awb-border-radius-bottom-right:0px;--awb-border-radius-bottom-left:0px;--awb-margin-top:30px;--awb-flex-wrap:wrap;\" ><div class=\"fusion-builder-row fusion-row\"><div class=\"fusion-layout-column fusion_builder_column fusion-builder-column-0 fusion_builder_column_1_1 1_1 fusion-one-full fusion-column-first fusion-column-last\" style=\"--awb-bg-size:cover;\"><div class=\"fusion-column-wrapper fusion-column-has-shadow fusion-flex-column-wrapper-legacy\"><div class=\"fusion-title title fusion-title-1 fusion-sep-none fusion-title-text fusion-title-size-one\" style=\"--awb-margin-top-small:10px;--awb-margin-right-small:0px;--awb-margin-bottom-small:10px;--awb-margin-left-small:0px;\"><h1 class=\"fusion-title-heading title-heading-left\" style=\"margin:0;\">Av\u00eds legal<\/h1><\/div><div class=\"fusion-title title fusion-title-2 fusion-sep-none fusion-title-text fusion-title-size-two\" style=\"--awb-margin-top-small:10px;--awb-margin-right-small:0px;--awb-margin-bottom-small:10px;--awb-margin-left-small:0px;\"><h2 class=\"fusion-title-heading title-heading-left\" style=\"margin:0;\">Informaci\u00f3 de l&#8217;empresa<\/h2><\/div><div class=\"fusion-text fusion-text-1\"><p>En compliment de l&#8217;article 10 de la Llei 34\/2002, d&#8217;11 de juliol, de Serveis de la Societat de la Informaci\u00f3 i de Comer\u00e7 electr\u00f2nic, l&#8217;informem que el prove\u00efdor de serveis responsable d&#8217;aquest lloc web http:\/\/www.arcoabogados.es\/ \u00e9s:<\/p>\n<p>ARCO Abogados y Asesores Tributarios, S.L.P.<\/p>\n<p>Marqu\u00e9s de la Ensenada 2, 1a planta<br \/>\n28004 \u2013 Madrid<br \/>\nEspanya<\/p>\n<p>Tel. +34 (0) 934 871 020<br \/>\nE-mail: arcoabogados@arcoabogados.es<\/p>\n<p>N\u00famero d\u2019identificaci\u00f3 fiscal (C.I.F.) B46363008<\/p>\n<p>Societat limitada professional, inscrita al Registre Mercantil de Madrid, Tom 42133 \u00b7 Foli 181 \u00b7 Full M-745960 \u00b7 Inscripci\u00f3 2\u00aa.<\/p>\n<\/div><div class=\"fusion-title title fusion-title-3 fusion-sep-none fusion-title-text fusion-title-size-two\" style=\"--awb-margin-top-small:10px;--awb-margin-right-small:0px;--awb-margin-bottom-small:10px;--awb-margin-left-small:0px;\"><h2 class=\"fusion-title-heading title-heading-left\" style=\"margin:0;\">RGPD Correu Electr\u00f2nic<\/h2><\/div><div class=\"fusion-text fusion-text-2\"><p>Els missatges enviats per correu electr\u00f2nic i els seus arxius adjunts van dirigits exclusivament al seu destinatari, hi poden contenir informaci\u00f3 confidencial sotmesa a secret professional. No est\u00e0 permesa la seva reproducci\u00f3 o distribuci\u00f3 sense l&#8217;autoritzaci\u00f3 expressa d&#8217;<strong>ARCO ABOGADOS Y ASESORES TRIBUTARIOS, S.L.P<\/strong>. Si vost\u00e8 no \u00e9s el destinatari final si us plau elimini&#8217;l i informi&#8217;ns per aquesta via.<\/p>\n<p>D&#8217;acord amb el que s&#8217;estableix per normativa de protecci\u00f3 de dades RGPD 2016\/679 de 27 d&#8217;abril de 2016, LOPDGDD 3\/2018 de 5 de desembre l&#8217;informem que les seves dades estan incorporades en el registre d&#8217;activitats del qual \u00e9s titular <strong>ARCO ABOGADOS Y ASESORES TRIBUTARIOS, S.L.P.<\/strong>, amb la finalitat de realitzar l&#8217;assessorament i gesti\u00f3 administrativa, jur\u00eddica, comptable i fiscal, aix\u00ed com enviar-li comunicacions comercials sobre els nostres serveis. Les dades seran tractades per al compliment de la relaci\u00f3 contractual o mesures precontractuals.<\/p>\n<p>Aix\u00ed mateix, l&#8217;informem que les dades no seran cedides a tercers sense el seu consentiment, tret que medi\u00ef una llei que obligui a l&#8217;Empresa tal cessi\u00f3 de dades. Podr\u00e0 exercir els drets d&#8217;acc\u00e9s, rectificaci\u00f3, cancel\u00b7laci\u00f3, portabilitat, limitaci\u00f3 i oposici\u00f3 de les seves dades en el nostre domicili social. Si vost\u00e8 no desitja rebre informaci\u00f3 del despatx, posi&#8217;s en contacte amb nosaltres enviant un correu electr\u00f2nic a la seg\u00fcent adre\u00e7a d&#8217;e-mail: <a href=\"mailto:arcoabogados@arcoabogados.es\">arcoabogados@arcoabogados.es<\/a>.<\/p>\n<p>L&#8217;usuari assumeix la seva pr\u00f2pia responsabilitat derivada de l&#8217;ocupaci\u00f3 d&#8217;aquest lloc o de la informaci\u00f3 continguda.<\/p>\n<p>L&#8217;acc\u00e9s i navegaci\u00f3 de l&#8217;usuari en el Lloc web implica el coneixement i l&#8217;acceptaci\u00f3 sense reserves de les Condicions d&#8217;\u00das del lloc web. A efectes informatius, el lloc web es mant\u00e9 i cont\u00e9 els procediments est\u00e0ndard de seguretat generalment acceptats amb la finalitat de protegir la informaci\u00f3 continguda, aix\u00ed com la que pugui ser proporcionada pels visitants. L&#8217;objectiu \u00e9s el d&#8217;evitar l&#8217;\u00fas inadequat, p\u00e8rdua o modificaci\u00f3 de continguts i informaci\u00f3.<\/p>\n<p>El lloc web pot oferir determinada informaci\u00f3 sobre temes concrets a efectes explicatius, per tant, podria ser incompleta als efectes que l&#8217;Usuari desitg\u00e9s prendre decisions sobre els seus negocis o decisions personals. La informaci\u00f3 presentada no \u00e9s, en cap cas, un servei de consultoria o assessoria. Abans de prendre qualsevol decisi\u00f3 consulti de forma personalitzada amb el professional. Per tant, no s&#8217;accepta cap responsabilitat per les decisions que alg\u00fa pugui adoptar \u00fanicament de la lectura de la informaci\u00f3 continguda en la nostra web. El titular de la web no \u00e9s responsable de qualsevol dany espec\u00edfic, indirecte o incidental derivat de la navegaci\u00f3 per la xarxa i l&#8217;\u00fas del nostre lloc.<\/p>\n<\/div><div class=\"fusion-clearfix\"><\/div><\/div><\/div><\/div><\/div><div class=\"fusion-fullwidth fullwidth-box fusion-builder-row-2 fusion-flex-container nonhundred-percent-fullwidth non-hundred-percent-height-scrolling\" style=\"--awb-border-radius-top-left:0px;--awb-border-radius-top-right:0px;--awb-border-radius-bottom-right:0px;--awb-border-radius-bottom-left:0px;--awb-padding-top:50px;--awb-padding-bottom:50px;--awb-background-color:#282828;--awb-flex-wrap:wrap;\" ><div class=\"fusion-builder-row fusion-row fusion-flex-align-items-center fusion-flex-content-wrap\" style=\"max-width:1248px;margin-left: calc(-4% \/ 2 );margin-right: calc(-4% \/ 2 );\"><div class=\"fusion-layout-column fusion_builder_column fusion-builder-column-1 fusion_builder_column_3_4 3_4 fusion-flex-column\" style=\"--awb-bg-size:cover;--awb-width-large:75%;--awb-margin-top-large:20px;--awb-spacing-right-large:3.84%;--awb-margin-bottom-large:20px;--awb-spacing-left-large:2.56%;--awb-width-medium:100%;--awb-order-medium:0;--awb-spacing-right-medium:1.92%;--awb-spacing-left-medium:1.92%;--awb-width-small:100%;--awb-order-small:0;--awb-spacing-right-small:1.92%;--awb-spacing-left-small:1.92%;\"><div class=\"fusion-column-wrapper fusion-column-has-shadow fusion-flex-justify-content-flex-start fusion-content-layout-column\"><div class=\"fusion-text fusion-text-3\" style=\"--awb-text-color:#ffffff;\"><p><strong>Posar-se en contacte<\/strong><\/p>\n<p>Si te alguna pregunta sobre Arco Abogados o els nostres serveis, si us plau contacti amb nosaltres.<br \/>Respondre\u2019m el m\u00e9s aviat possible.<\/p>\n<\/div><div class=\"fusion-modal modal fade modal-1 expert\" tabindex=\"-1\" role=\"dialog\" aria-labelledby=\"modal-heading-1\" aria-hidden=\"true\" style=\"--awb-border-color:#e2e2e2;--awb-background:#ffffff;\"><div class=\"modal-dialog modal-lg\" role=\"document\"><div class=\"modal-content fusion-modal-content\"><div class=\"modal-header\"><button class=\"close\" type=\"button\" data-dismiss=\"modal\" aria-hidden=\"true\" aria-label=\"Close\">&times;<\/button><h3 class=\"modal-title\" id=\"modal-heading-1\" data-dismiss=\"modal\" aria-hidden=\"true\">Pregunti a un dels nostres experts!<\/h3><\/div><div class=\"modal-body fusion-clearfix\">\n<p>Estem a la seva disposici\u00f3 per ajudar-lo. Si te qualsevol pregunta o necessita assessorament, no dubti en contactar amb nosaltres. A ARCO Abogados ens comprometem a oferir-li la orientaci\u00f3 i recol\u00e7ament necessaris per resoldre els seus dubtes de forma efectiva.  <\/p>\n<div class=\"fusion-separator fusion-full-width-sep\" style=\"align-self: center;margin-left: auto;margin-right: auto;margin-top:10px;margin-bottom:10px;width:100%;\"><\/div>\n\n<div class=\"wpcf7 no-js\" id=\"wpcf7-f11450-o1\" lang=\"ca\" dir=\"ltr\" data-wpcf7-id=\"11450\">\n<div class=\"screen-reader-response\"><p role=\"status\" aria-live=\"polite\" aria-atomic=\"true\"><\/p> <ul><\/ul><\/div>\n<form action=\"\/ca\/wp-json\/wp\/v2\/pages\/10282#wpcf7-f11450-o1\" method=\"post\" class=\"wpcf7-form init\" aria-label=\"Formulari de contacte\" novalidate=\"novalidate\" data-status=\"init\">\n<fieldset class=\"hidden-fields-container\"><input type=\"hidden\" name=\"_wpcf7\" value=\"11450\" \/><input type=\"hidden\" name=\"_wpcf7_version\" value=\"6.1.5\" \/><input type=\"hidden\" name=\"_wpcf7_locale\" value=\"ca\" \/><input type=\"hidden\" name=\"_wpcf7_unit_tag\" value=\"wpcf7-f11450-o1\" \/><input type=\"hidden\" name=\"_wpcf7_container_post\" value=\"0\" \/><input type=\"hidden\" name=\"_wpcf7_posted_data_hash\" value=\"\" \/><input type=\"hidden\" name=\"_wpcf7_recaptcha_response\" value=\"\" \/>\n<\/fieldset>\n<p><label>NOM<br \/>\n<span class=\"wpcf7-form-control-wrap\" data-name=\"your-name\"><input size=\"40\" maxlength=\"400\" class=\"wpcf7-form-control wpcf7-text wpcf7-validates-as-required\" aria-required=\"true\" aria-invalid=\"false\" value=\"\" type=\"text\" name=\"your-name\" \/><\/span> <\/label>\n<\/p>\n<div class=\"fusion-one-half fusion-layout-column fusion-spacing-yes\" style=\"margin-bottom: 0px\">\n\t<p><label>TEL\u00c8FON<br \/>\n<span class=\"wpcf7-form-control-wrap\" data-name=\"your-tel\"><input size=\"40\" maxlength=\"400\" class=\"wpcf7-form-control wpcf7-text wpcf7-validates-as-required\" aria-required=\"true\" aria-invalid=\"false\" value=\"\" type=\"text\" name=\"your-tel\" \/><\/span> <\/label>\n\t<\/p>\n<\/div>\n<div class=\"fusion-one-half fusion-layout-column fusion-column-last fusion-spacing-yes\" style=\"margin-bottom: 0px\">\n\t<p><label>EMAIL<br \/>\n<span class=\"wpcf7-form-control-wrap\" data-name=\"your-email\"><input size=\"40\" maxlength=\"400\" class=\"wpcf7-form-control wpcf7-email wpcf7-validates-as-required wpcf7-text wpcf7-validates-as-email\" aria-required=\"true\" aria-invalid=\"false\" value=\"\" type=\"email\" name=\"your-email\" \/><\/span> <\/label>\n\t<\/p>\n<\/div>\n<p><label>ASSUMPTE<br \/>\n<span class=\"wpcf7-form-control-wrap\" data-name=\"your-subject\"><input size=\"40\" maxlength=\"400\" class=\"wpcf7-form-control wpcf7-text wpcf7-validates-as-required\" aria-required=\"true\" aria-invalid=\"false\" value=\"\" type=\"text\" name=\"your-subject\" \/><\/span> <\/label>\n<\/p>\n<p><label>MISSATGE<br \/>\n<span class=\"wpcf7-form-control-wrap\" data-name=\"your-message\"><textarea cols=\"40\" rows=\"10\" maxlength=\"2000\" class=\"wpcf7-form-control wpcf7-textarea wpcf7-validates-as-required\" aria-required=\"true\" aria-invalid=\"false\" name=\"your-message\"><\/textarea><\/span> <\/label>\n<\/p>\n<p><span class=\"wpcf7-form-control-wrap\" data-name=\"acceptance-176\"><span class=\"wpcf7-form-control wpcf7-acceptance\"><span class=\"wpcf7-list-item\"><label><input type=\"checkbox\" name=\"acceptance-176\" value=\"1\" aria-invalid=\"false\" \/><span class=\"wpcf7-list-item-label\">Si, dono el meu consentiment a que les meves dades siguin desades segons la <a href=\"\/?p=4689\" target=\"_blank\">Pol\u00edtica de Privacitat<\/a>.<\/span><\/label><\/span><\/span><\/span>\n<\/p>\n<p><small>Aquest lloc est\u00e0 protegit per reCAPTCHA i aplica la <a href=\"https:\/\/policies.google.com\/privacy\">Pol\u00edtica de Privacitat<\/a> i els <a href=\"https:\/\/policies.google.com\/terms\">Termes de Servei<\/a> de Google.<\/small>\n<\/p>\n<p><input class=\"wpcf7-form-control wpcf7-submit has-spinner\" type=\"submit\" value=\"ENVIAR\" \/>\n<\/p><div class=\"fusion-alert alert custom alert-custom fusion-alert-center wpcf7-response-output awb-alert-native-link-color alert-dismissable awb-alert-close-boxed\" style=\"--awb-border-size:1px;--awb-border-top-left-radius:0px;--awb-border-top-right-radius:0px;--awb-border-bottom-left-radius:0px;--awb-border-bottom-right-radius:0px;\" role=\"alert\"><div class=\"fusion-alert-content-wrapper\"><span class=\"fusion-alert-content\"><\/span><\/div><button type=\"button\" class=\"close toggle-alert\" data-dismiss=\"alert\" aria-label=\"Close\">&times;<\/button><\/div>\n<\/form>\n<\/div>\n\n<\/div><\/div><\/div><\/div><\/div><\/div><div class=\"fusion-layout-column fusion_builder_column fusion-builder-column-2 fusion_builder_column_1_4 1_4 fusion-flex-column\" style=\"--awb-bg-size:cover;--awb-width-large:25%;--awb-margin-top-large:20px;--awb-spacing-right-large:7.68%;--awb-margin-bottom-large:20px;--awb-spacing-left-large:3.84%;--awb-width-medium:100%;--awb-order-medium:0;--awb-spacing-right-medium:1.92%;--awb-spacing-left-medium:1.92%;--awb-width-small:100%;--awb-order-small:0;--awb-spacing-right-small:1.92%;--awb-spacing-left-small:1.92%;\"><div class=\"fusion-column-wrapper fusion-column-has-shadow fusion-flex-justify-content-center fusion-content-layout-row fusion-flex-align-items-center\"><div ><a class=\"fusion-button button-flat button-xlarge button-custom fusion-button-default button-1 fusion-button-default-span fusion-button-default-type\" style=\"--button_accent_color:var(--awb-color1);--button_border_color:#ffffff;--button_accent_hover_color:#282828;--button_border_hover_color:#ffffff;--button_border_width-top:1px;--button_border_width-right:1px;--button_border_width-bottom:1px;--button_border_width-left:1px;--button_gradient_top_color:#282828;--button_gradient_bottom_color:#282828;--button_gradient_top_color_hover:#ffffff;--button_gradient_bottom_color_hover:#ffffff;\" target=\"_self\" href=\"#\" data-toggle=\"modal\" data-target=\".fusion-modal.expert\"><span class=\"fusion-button-text awb-button__text awb-button__text--default\">Contacte<\/span><\/a><\/div><\/div><\/div><\/div><\/div>\n<\/p>\n","protected":false},"excerpt":{"rendered":"","protected":false},"author":10,"featured_media":0,"parent":0,"menu_order":0,"comment_status":"open","ping_status":"open","template":"100-width.php","meta":{"footnotes":""},"class_list":["post-10282","page","type-page","status-publish","hentry"],"yoast_head":"<!-- This site is optimized with the Yoast SEO plugin v27.2 - https:\/\/yoast.com\/product\/yoast-seo-wordpress\/ -->\n<title>Av\u00eds legal - ARCO Abogados<\/title>\n<meta name=\"robots\" content=\"noindex, follow\" \/>\n<meta property=\"og:locale\" content=\"ca_ES\" \/>\n<meta property=\"og:type\" content=\"article\" \/>\n<meta property=\"og:title\" content=\"Av\u00eds legal - ARCO Abogados\" \/>\n<meta property=\"og:url\" content=\"https:\/\/www.arcoabogados.es\/ca\/avis-legal\" \/>\n<meta property=\"og:site_name\" content=\"ARCO Abogados\" \/>\n<meta property=\"article:modified_time\" content=\"2026-02-02T12:21:50+00:00\" \/>\n<meta name=\"twitter:card\" content=\"summary_large_image\" \/>\n<script type=\"application\/ld+json\" class=\"yoast-schema-graph\">{\"@context\":\"https:\/\/schema.org\",\"@graph\":[{\"@type\":\"WebPage\",\"@id\":\"https:\/\/www.arcoabogados.es\/ca\/avis-legal\",\"url\":\"https:\/\/www.arcoabogados.es\/ca\/avis-legal\",\"name\":\"Av\u00eds legal - ARCO Abogados\",\"isPartOf\":{\"@id\":\"https:\/\/www.arcoabogados.es\/ca#website\"},\"datePublished\":\"2021-08-06T11:57:18+00:00\",\"dateModified\":\"2026-02-02T12:21:50+00:00\",\"breadcrumb\":{\"@id\":\"https:\/\/www.arcoabogados.es\/ca\/avis-legal#breadcrumb\"},\"inLanguage\":\"ca\",\"potentialAction\":[{\"@type\":\"ReadAction\",\"target\":[\"https:\/\/www.arcoabogados.es\/ca\/avis-legal\"]}]},{\"@type\":\"BreadcrumbList\",\"@id\":\"https:\/\/www.arcoabogados.es\/ca\/avis-legal#breadcrumb\",\"itemListElement\":[{\"@type\":\"ListItem\",\"position\":1,\"name\":\"Inici\",\"item\":\"https:\/\/www.arcoabogados.es\/ca\/inici\"},{\"@type\":\"ListItem\",\"position\":2,\"name\":\"Av\u00eds legal\"}]},{\"@type\":\"WebSite\",\"@id\":\"https:\/\/www.arcoabogados.es\/ca#website\",\"url\":\"https:\/\/www.arcoabogados.es\/ca\",\"name\":\"ARCO Abogados\",\"description\":\"Leading Tax and Legal Practice in Spain\",\"publisher\":{\"@id\":\"https:\/\/www.arcoabogados.es\/ca#organization\"},\"potentialAction\":[{\"@type\":\"SearchAction\",\"target\":{\"@type\":\"EntryPoint\",\"urlTemplate\":\"https:\/\/www.arcoabogados.es\/ca?s={search_term_string}\"},\"query-input\":{\"@type\":\"PropertyValueSpecification\",\"valueRequired\":true,\"valueName\":\"search_term_string\"}}],\"inLanguage\":\"ca\"},{\"@type\":\"Organization\",\"@id\":\"https:\/\/www.arcoabogados.es\/ca#organization\",\"name\":\"ARCO Abogados\",\"url\":\"https:\/\/www.arcoabogados.es\/ca\",\"logo\":{\"@type\":\"ImageObject\",\"inLanguage\":\"ca\",\"@id\":\"https:\/\/www.arcoabogados.es\/ca#\/schema\/logo\/image\/\",\"url\":\"https:\/\/www.arcoabogados.es\/wp-content\/uploads\/2023\/07\/arco-logo-160px.png\",\"contentUrl\":\"https:\/\/www.arcoabogados.es\/wp-content\/uploads\/2023\/07\/arco-logo-160px.png\",\"width\":160,\"height\":42,\"caption\":\"ARCO Abogados\"},\"image\":{\"@id\":\"https:\/\/www.arcoabogados.es\/ca#\/schema\/logo\/image\/\"},\"sameAs\":[\"https:\/\/www.linkedin.com\/company\/arcoabogados\/\"]}]}<\/script>\n<!-- \/ Yoast SEO plugin. -->","yoast_head_json":{"title":"Av\u00eds legal - ARCO Abogados","robots":{"index":"noindex","follow":"follow"},"og_locale":"ca_ES","og_type":"article","og_title":"Av\u00eds legal - ARCO Abogados","og_url":"https:\/\/www.arcoabogados.es\/ca\/avis-legal","og_site_name":"ARCO Abogados","article_modified_time":"2026-02-02T12:21:50+00:00","twitter_card":"summary_large_image","schema":{"@context":"https:\/\/schema.org","@graph":[{"@type":"WebPage","@id":"https:\/\/www.arcoabogados.es\/ca\/avis-legal","url":"https:\/\/www.arcoabogados.es\/ca\/avis-legal","name":"Av\u00eds legal - ARCO Abogados","isPartOf":{"@id":"https:\/\/www.arcoabogados.es\/ca#website"},"datePublished":"2021-08-06T11:57:18+00:00","dateModified":"2026-02-02T12:21:50+00:00","breadcrumb":{"@id":"https:\/\/www.arcoabogados.es\/ca\/avis-legal#breadcrumb"},"inLanguage":"ca","potentialAction":[{"@type":"ReadAction","target":["https:\/\/www.arcoabogados.es\/ca\/avis-legal"]}]},{"@type":"BreadcrumbList","@id":"https:\/\/www.arcoabogados.es\/ca\/avis-legal#breadcrumb","itemListElement":[{"@type":"ListItem","position":1,"name":"Inici","item":"https:\/\/www.arcoabogados.es\/ca\/inici"},{"@type":"ListItem","position":2,"name":"Av\u00eds legal"}]},{"@type":"WebSite","@id":"https:\/\/www.arcoabogados.es\/ca#website","url":"https:\/\/www.arcoabogados.es\/ca","name":"ARCO Abogados","description":"Leading Tax and Legal Practice in Spain","publisher":{"@id":"https:\/\/www.arcoabogados.es\/ca#organization"},"potentialAction":[{"@type":"SearchAction","target":{"@type":"EntryPoint","urlTemplate":"https:\/\/www.arcoabogados.es\/ca?s={search_term_string}"},"query-input":{"@type":"PropertyValueSpecification","valueRequired":true,"valueName":"search_term_string"}}],"inLanguage":"ca"},{"@type":"Organization","@id":"https:\/\/www.arcoabogados.es\/ca#organization","name":"ARCO Abogados","url":"https:\/\/www.arcoabogados.es\/ca","logo":{"@type":"ImageObject","inLanguage":"ca","@id":"https:\/\/www.arcoabogados.es\/ca#\/schema\/logo\/image\/","url":"https:\/\/www.arcoabogados.es\/wp-content\/uploads\/2023\/07\/arco-logo-160px.png","contentUrl":"https:\/\/www.arcoabogados.es\/wp-content\/uploads\/2023\/07\/arco-logo-160px.png","width":160,"height":42,"caption":"ARCO Abogados"},"image":{"@id":"https:\/\/www.arcoabogados.es\/ca#\/schema\/logo\/image\/"},"sameAs":["https:\/\/www.linkedin.com\/company\/arcoabogados\/"]}]}},"_links":{"self":[{"href":"https:\/\/www.arcoabogados.es\/ca\/wp-json\/wp\/v2\/pages\/10282","targetHints":{"allow":["GET"]}}],"collection":[{"href":"https:\/\/www.arcoabogados.es\/ca\/wp-json\/wp\/v2\/pages"}],"about":[{"href":"https:\/\/www.arcoabogados.es\/ca\/wp-json\/wp\/v2\/types\/page"}],"author":[{"embeddable":true,"href":"https:\/\/www.arcoabogados.es\/ca\/wp-json\/wp\/v2\/users\/10"}],"replies":[{"embeddable":true,"href":"https:\/\/www.arcoabogados.es\/ca\/wp-json\/wp\/v2\/comments?post=10282"}],"version-history":[{"count":8,"href":"https:\/\/www.arcoabogados.es\/ca\/wp-json\/wp\/v2\/pages\/10282\/revisions"}],"predecessor-version":[{"id":22093,"href":"https:\/\/www.arcoabogados.es\/ca\/wp-json\/wp\/v2\/pages\/10282\/revisions\/22093"}],"wp:attachment":[{"href":"https:\/\/www.arcoabogados.es\/ca\/wp-json\/wp\/v2\/media?parent=10282"}],"curies":[{"name":"wp","href":"https:\/\/api.w.org\/{rel}","templated":true}]}}