{"id":10257,"date":"2023-02-08T11:31:41","date_gmt":"2023-02-08T10:31:41","guid":{"rendered":"https:\/\/www.arcoabogados.es\/internacional-2"},"modified":"2024-08-08T21:53:26","modified_gmt":"2024-08-08T19:53:26","slug":"internacional-2","status":"publish","type":"page","link":"https:\/\/www.arcoabogados.es\/ca\/internacional-2","title":{"rendered":"Internacional"},"content":{"rendered":"<p><div class=\"fusion-fullwidth fullwidth-box fusion-builder-row-1 nonhundred-percent-fullwidth non-hundred-percent-height-scrolling\" style=\"--awb-border-radius-top-left:0px;--awb-border-radius-top-right:0px;--awb-border-radius-bottom-right:0px;--awb-border-radius-bottom-left:0px;--awb-padding-top:3%;--awb-flex-wrap:wrap;\" ><div class=\"fusion-builder-row fusion-row\"><div class=\"fusion-layout-column fusion_builder_column fusion-builder-column-0 fusion_builder_column_1_1 1_1 fusion-one-full fusion-column-first fusion-column-last\" style=\"--awb-bg-size:cover;\"><div class=\"fusion-column-wrapper fusion-column-has-shadow fusion-flex-column-wrapper-legacy\"><div class=\"fusion-title title fusion-title-1 fusion-sep-none fusion-title-text fusion-title-size-two\" style=\"--awb-text-color:#cc0033;--awb-margin-top-small:10px;--awb-margin-right-small:0px;--awb-margin-bottom-small:10px;--awb-margin-left-small:0px;\"><h2 class=\"fusion-title-heading title-heading-left\" style=\"margin:0;\">Internacional<\/h2><\/div><div class=\"fusion-text fusion-text-1\"><p>Els advocats d&#8217;ARCO s&#8217;enorgulleixen de prestar assessorament jur\u00eddic i fiscal internacional a clients espanyols en les seves operacions a l&#8217;estranger, i a clients estrangers en les seves inversions i operacions a Espanya.<\/p>\n<p>ARCO presta assessorament jur\u00eddic internacional principalment en les seg\u00fcents mat\u00e8ries: corporatiu, mercantil i M&amp;A, processal i ADR, immobiliari, regulador i fiscal.<\/p>\n<p>En mat\u00e8ria fiscal, ARCO \u00e9s membre exclusiu a Espanya de WTS Global, amb membres en m\u00e9s de 100 pa\u00efsos.<\/p>\n<\/div><div class=\"fusion-clearfix\"><\/div><\/div><\/div><div class=\"fusion-layout-column fusion_builder_column fusion-builder-column-1 fusion_builder_column_1_2 1_2 fusion-one-half fusion-column-first\" style=\"--awb-bg-size:cover;width:50%;width:calc(50% - ( ( 4% ) * 0.5 ) );margin-right: 4%;\"><div class=\"fusion-column-wrapper fusion-column-has-shadow fusion-flex-column-wrapper-legacy\"><div class=\"fusion-title title fusion-title-2 fusion-sep-none fusion-title-text fusion-title-size-three\" style=\"--awb-margin-top-small:10px;--awb-margin-right-small:0px;--awb-margin-bottom-small:10px;--awb-margin-left-small:0px;\"><h3 class=\"fusion-title-heading title-heading-left\" style=\"margin:0;\">LEGAL<\/h3><\/div><div class=\"fusion-text fusion-text-2\"><p style=\"color: #2f2f2f;\"><span style=\"background-color: rgba(255, 255, 255, 0); font-family: var(--body_typography-font-family); font-size: var(--body_typography-font-size); font-style: var(--body_typography-font-style,normal); font-weight: var(--body_typography-font-weight); letter-spacing: var(--body_typography-letter-spacing);\">Pel que respecta als assumptes legals (principalment mercantil, fusions i adquisicions &#8211; M&amp;A, litigis i ADR, immobiliari i regulador), la nostra activitat internacional es veu recolzada per la participaci\u00f3 de diversos dels nostres professionals en entitats internacionals rellevants, per exemple, International Referral (IR), International Bar Association (IBA), l&#8217;Association International des Jeunes Avocats (AIJA), Associazione Internazionale di Giuristi in Lingua Italiana (AIGLI) i el International Distribution Institute (IDI). Aquestes organitzacions aporten als nostres professionals un important know-how i contactes internacionals, la qual cosa ens permet col\u00b7laborar amb prestigiosos despatxos estrangers, tant per a prestar els serveis que els clients estrangers necessiten a Espanya, com per a resoldre efica\u00e7ment les q\u00fcestions jur\u00eddiques dels nostres clients espanyols a l&#8217;estranger.<\/span><\/p>\n<\/div><div class=\"fusion-clearfix\"><\/div><\/div><\/div><div class=\"fusion-layout-column fusion_builder_column fusion-builder-column-2 fusion_builder_column_1_2 1_2 fusion-one-half fusion-column-last\" style=\"--awb-bg-size:cover;width:50%;width:calc(50% - ( ( 4% ) * 0.5 ) );\"><div class=\"fusion-column-wrapper fusion-column-has-shadow fusion-flex-column-wrapper-legacy\"><div class=\"fusion-title title fusion-title-3 fusion-sep-none fusion-title-text fusion-title-size-three\" style=\"--awb-margin-top-small:10px;--awb-margin-right-small:0px;--awb-margin-bottom-small:10px;--awb-margin-left-small:0px;\"><h3 class=\"fusion-title-heading title-heading-left\" style=\"margin:0;\">FISCAL<\/h3><\/div><div class=\"fusion-text fusion-text-3\"><p style=\"color: #2f2f2f;\">En mat\u00e8ria fiscal, ARCO \u00e9s membre exclusiu a Espanya de WTS Global, xarxa de despatxos altament qualificats com a assessors fiscals, amb membres en m\u00e9s de 100 pa\u00efsos. Aix\u00f2 ens permet prestar serveis qualificats d&#8217;assessorament legal i fiscal a les empreses espanyoles que desenvolupen projectes i activitats en l&#8217;exterior, aix\u00ed com assegurar el compliment de les seves obligacions legals, fiscals i comptables. Els mateixos serveis s&#8217;ofereixen a les empreses estrangeres en relaci\u00f3 amb les seves operacions a Espanya.<\/p>\n<p style=\"color: #2f2f2f;\">Per a m\u00e9s informaci\u00f3: <a href=\"https:\/\/wts.com\/\" target=\"_blank\" rel=\"noopener noreferrer\"><b><u>wts.com<\/u><\/b><\/a><\/p>\n<\/div><div class=\"fusion-clearfix\"><\/div><\/div><\/div><\/div><\/div><div class=\"fusion-fullwidth fullwidth-box fusion-builder-row-2 fusion-flex-container nonhundred-percent-fullwidth non-hundred-percent-height-scrolling\" style=\"--awb-border-radius-top-left:0px;--awb-border-radius-top-right:0px;--awb-border-radius-bottom-right:0px;--awb-border-radius-bottom-left:0px;--awb-margin-top:2rem;--awb-margin-bottom:4rem;--awb-flex-wrap:wrap;--awb-flex-wrap-small:wrap;\" ><div class=\"fusion-builder-row fusion-row fusion-flex-align-items-center fusion-flex-justify-content-space-evenly fusion-flex-content-wrap\" style=\"max-width:calc( 1200px + 20px );margin-left: calc(-20px \/ 2 );margin-right: calc(-20px \/ 2 );\"><div class=\"fusion-layout-column fusion_builder_column fusion-builder-column-3 fusion_builder_column_1_2 1_2 fusion-flex-column\" style=\"--awb-padding-right:20px;--awb-padding-left:20px;--awb-bg-size:cover;--awb-width-large:50%;--awb-margin-top-large:0px;--awb-spacing-right-large:10px;--awb-margin-bottom-large:20px;--awb-spacing-left-large:10px;--awb-width-medium:100%;--awb-order-medium:0;--awb-spacing-right-medium:10px;--awb-spacing-left-medium:10px;--awb-width-small:100%;--awb-order-small:0;--awb-spacing-right-small:10px;--awb-spacing-left-small:10px;\"><div class=\"fusion-column-wrapper fusion-column-has-shadow fusion-flex-justify-content-center fusion-content-layout-column\"><div style=\"text-align:right;\"><a class=\"fusion-button button-flat button-xlarge button-default fusion-button-default button-1 fusion-button-default-span fusion-button-default-type\" target=\"_self\" href=\"https:\/\/www.arcoabogados.es\/en\/french-desk\/\"><span class=\"fusion-button-text awb-button__text awb-button__text--default\">French desk<\/span><\/a><\/div><\/div><\/div><div class=\"fusion-layout-column fusion_builder_column fusion-builder-column-4 fusion_builder_column_1_2 1_2 fusion-flex-column\" style=\"--awb-padding-right:20px;--awb-padding-left:20px;--awb-bg-size:cover;--awb-width-large:50%;--awb-margin-top-large:0px;--awb-spacing-right-large:10px;--awb-margin-bottom-large:20px;--awb-spacing-left-large:10px;--awb-width-medium:100%;--awb-order-medium:0;--awb-spacing-right-medium:10px;--awb-spacing-left-medium:10px;--awb-width-small:100%;--awb-order-small:0;--awb-spacing-right-small:10px;--awb-spacing-left-small:10px;\"><div class=\"fusion-column-wrapper fusion-column-has-shadow fusion-flex-justify-content-center fusion-content-layout-column\"><div style=\"text-align:left;\"><a class=\"fusion-button button-flat button-xlarge button-default fusion-button-default button-2 fusion-button-default-span fusion-button-default-type\" target=\"_self\" href=\"https:\/\/www.arcoabogados.es\/en\/andorra-desk\/\"><span class=\"fusion-button-text awb-button__text awb-button__text--default\">Andorra desk<\/span><\/a><\/div><\/div><\/div><\/div><\/div><div class=\"fusion-fullwidth fullwidth-box fusion-builder-row-3 fusion-flex-container nonhundred-percent-fullwidth non-hundred-percent-height-scrolling\" style=\"--awb-border-radius-top-left:0px;--awb-border-radius-top-right:0px;--awb-border-radius-bottom-right:0px;--awb-border-radius-bottom-left:0px;--awb-padding-top:50px;--awb-padding-bottom:50px;--awb-background-color:#282828;--awb-flex-wrap:wrap;\" ><div class=\"fusion-builder-row fusion-row fusion-flex-align-items-center fusion-flex-content-wrap\" style=\"max-width:1248px;margin-left: calc(-4% \/ 2 );margin-right: calc(-4% \/ 2 );\"><div class=\"fusion-layout-column fusion_builder_column fusion-builder-column-5 fusion_builder_column_3_4 3_4 fusion-flex-column\" style=\"--awb-bg-size:cover;--awb-width-large:75%;--awb-margin-top-large:20px;--awb-spacing-right-large:3.84%;--awb-margin-bottom-large:20px;--awb-spacing-left-large:2.56%;--awb-width-medium:100%;--awb-order-medium:0;--awb-spacing-right-medium:1.92%;--awb-spacing-left-medium:1.92%;--awb-width-small:100%;--awb-order-small:0;--awb-spacing-right-small:1.92%;--awb-spacing-left-small:1.92%;\"><div class=\"fusion-column-wrapper fusion-column-has-shadow fusion-flex-justify-content-flex-start fusion-content-layout-column\"><div class=\"fusion-text fusion-text-4\" style=\"--awb-text-color:#ffffff;\"><p><strong>Posar-se en contacte<\/strong><\/p>\n<p>Si te alguna pregunta sobre Arco Abogados o els nostres serveis, si us plau contacti amb nosaltres.<br \/>Respondre\u2019m el m\u00e9s aviat possible.<\/p>\n<\/div><div class=\"fusion-modal modal fade modal-1 expert\" tabindex=\"-1\" role=\"dialog\" aria-labelledby=\"modal-heading-1\" aria-hidden=\"true\" style=\"--awb-border-color:#e2e2e2;--awb-background:#ffffff;\"><div class=\"modal-dialog modal-lg\" role=\"document\"><div class=\"modal-content fusion-modal-content\"><div class=\"modal-header\"><button class=\"close\" type=\"button\" data-dismiss=\"modal\" aria-hidden=\"true\" aria-label=\"Close\">&times;<\/button><h3 class=\"modal-title\" id=\"modal-heading-1\" data-dismiss=\"modal\" aria-hidden=\"true\">Pregunti a un dels nostres experts!<\/h3><\/div><div class=\"modal-body fusion-clearfix\">\n<p>Estem a la seva disposici\u00f3 per ajudar-lo. Si te qualsevol pregunta o necessita assessorament, no dubti en contactar amb nosaltres. A ARCO Abogados ens comprometem a oferir-li la orientaci\u00f3 i recol\u00e7ament necessaris per resoldre els seus dubtes de forma efectiva.  <\/p>\n<div class=\"fusion-separator fusion-full-width-sep\" style=\"align-self: center;margin-left: auto;margin-right: auto;margin-top:10px;margin-bottom:10px;width:100%;\"><\/div>\n\n<div class=\"wpcf7 no-js\" id=\"wpcf7-f11450-o1\" lang=\"ca\" dir=\"ltr\" data-wpcf7-id=\"11450\">\n<div class=\"screen-reader-response\"><p role=\"status\" aria-live=\"polite\" aria-atomic=\"true\"><\/p> <ul><\/ul><\/div>\n<form action=\"\/ca\/wp-json\/wp\/v2\/pages\/10257#wpcf7-f11450-o1\" method=\"post\" class=\"wpcf7-form init\" aria-label=\"Formulari de contacte\" novalidate=\"novalidate\" data-status=\"init\">\n<fieldset class=\"hidden-fields-container\"><input type=\"hidden\" name=\"_wpcf7\" value=\"11450\" \/><input type=\"hidden\" name=\"_wpcf7_version\" value=\"6.1.5\" \/><input type=\"hidden\" name=\"_wpcf7_locale\" value=\"ca\" \/><input type=\"hidden\" name=\"_wpcf7_unit_tag\" value=\"wpcf7-f11450-o1\" \/><input type=\"hidden\" name=\"_wpcf7_container_post\" value=\"0\" \/><input type=\"hidden\" name=\"_wpcf7_posted_data_hash\" value=\"\" \/><input type=\"hidden\" name=\"_wpcf7_recaptcha_response\" value=\"\" \/>\n<\/fieldset>\n<p><label>NOM<br \/>\n<span class=\"wpcf7-form-control-wrap\" data-name=\"your-name\"><input size=\"40\" maxlength=\"400\" class=\"wpcf7-form-control wpcf7-text wpcf7-validates-as-required\" aria-required=\"true\" aria-invalid=\"false\" value=\"\" type=\"text\" name=\"your-name\" \/><\/span> <\/label>\n<\/p>\n<div class=\"fusion-one-half fusion-layout-column fusion-spacing-yes\" style=\"margin-bottom: 0px\">\n\t<p><label>TEL\u00c8FON<br \/>\n<span class=\"wpcf7-form-control-wrap\" data-name=\"your-tel\"><input size=\"40\" maxlength=\"400\" class=\"wpcf7-form-control wpcf7-text wpcf7-validates-as-required\" aria-required=\"true\" aria-invalid=\"false\" value=\"\" type=\"text\" name=\"your-tel\" \/><\/span> <\/label>\n\t<\/p>\n<\/div>\n<div class=\"fusion-one-half fusion-layout-column fusion-column-last fusion-spacing-yes\" style=\"margin-bottom: 0px\">\n\t<p><label>EMAIL<br \/>\n<span class=\"wpcf7-form-control-wrap\" data-name=\"your-email\"><input size=\"40\" maxlength=\"400\" class=\"wpcf7-form-control wpcf7-email wpcf7-validates-as-required wpcf7-text wpcf7-validates-as-email\" aria-required=\"true\" aria-invalid=\"false\" value=\"\" type=\"email\" name=\"your-email\" \/><\/span> <\/label>\n\t<\/p>\n<\/div>\n<p><label>ASSUMPTE<br \/>\n<span class=\"wpcf7-form-control-wrap\" data-name=\"your-subject\"><input size=\"40\" maxlength=\"400\" class=\"wpcf7-form-control wpcf7-text wpcf7-validates-as-required\" aria-required=\"true\" aria-invalid=\"false\" value=\"\" type=\"text\" name=\"your-subject\" \/><\/span> <\/label>\n<\/p>\n<p><label>MISSATGE<br \/>\n<span class=\"wpcf7-form-control-wrap\" data-name=\"your-message\"><textarea cols=\"40\" rows=\"10\" maxlength=\"2000\" class=\"wpcf7-form-control wpcf7-textarea wpcf7-validates-as-required\" aria-required=\"true\" aria-invalid=\"false\" name=\"your-message\"><\/textarea><\/span> <\/label>\n<\/p>\n<p><span class=\"wpcf7-form-control-wrap\" data-name=\"acceptance-176\"><span class=\"wpcf7-form-control wpcf7-acceptance\"><span class=\"wpcf7-list-item\"><label><input type=\"checkbox\" name=\"acceptance-176\" value=\"1\" aria-invalid=\"false\" \/><span class=\"wpcf7-list-item-label\">Si, dono el meu consentiment a que les meves dades siguin desades segons la <a href=\"\/?p=4689\" target=\"_blank\">Pol\u00edtica de Privacitat<\/a>.<\/span><\/label><\/span><\/span><\/span>\n<\/p>\n<p><small>Aquest lloc est\u00e0 protegit per reCAPTCHA i aplica la <a href=\"https:\/\/policies.google.com\/privacy\">Pol\u00edtica de Privacitat<\/a> i els <a href=\"https:\/\/policies.google.com\/terms\">Termes de Servei<\/a> de Google.<\/small>\n<\/p>\n<p><input class=\"wpcf7-form-control wpcf7-submit has-spinner\" type=\"submit\" value=\"ENVIAR\" \/>\n<\/p><div class=\"fusion-alert alert custom alert-custom fusion-alert-center wpcf7-response-output awb-alert-native-link-color alert-dismissable awb-alert-close-boxed\" style=\"--awb-border-size:1px;--awb-border-top-left-radius:0px;--awb-border-top-right-radius:0px;--awb-border-bottom-left-radius:0px;--awb-border-bottom-right-radius:0px;\" role=\"alert\"><div class=\"fusion-alert-content-wrapper\"><span class=\"fusion-alert-content\"><\/span><\/div><button type=\"button\" class=\"close toggle-alert\" data-dismiss=\"alert\" aria-label=\"Close\">&times;<\/button><\/div>\n<\/form>\n<\/div>\n\n<\/div><\/div><\/div><\/div><\/div><\/div><div class=\"fusion-layout-column fusion_builder_column fusion-builder-column-6 fusion_builder_column_1_4 1_4 fusion-flex-column\" style=\"--awb-bg-size:cover;--awb-width-large:25%;--awb-margin-top-large:20px;--awb-spacing-right-large:7.68%;--awb-margin-bottom-large:20px;--awb-spacing-left-large:3.84%;--awb-width-medium:100%;--awb-order-medium:0;--awb-spacing-right-medium:1.92%;--awb-spacing-left-medium:1.92%;--awb-width-small:100%;--awb-order-small:0;--awb-spacing-right-small:1.92%;--awb-spacing-left-small:1.92%;\"><div class=\"fusion-column-wrapper fusion-column-has-shadow fusion-flex-justify-content-center fusion-content-layout-row fusion-flex-align-items-center\"><div ><a class=\"fusion-button button-flat button-xlarge button-custom fusion-button-default button-3 fusion-button-default-span fusion-button-default-type\" style=\"--button_accent_color:var(--awb-color1);--button_border_color:#ffffff;--button_accent_hover_color:#282828;--button_border_hover_color:#ffffff;--button_border_width-top:1px;--button_border_width-right:1px;--button_border_width-bottom:1px;--button_border_width-left:1px;--button_gradient_top_color:#282828;--button_gradient_bottom_color:#282828;--button_gradient_top_color_hover:#ffffff;--button_gradient_bottom_color_hover:#ffffff;\" target=\"_self\" href=\"#\" data-toggle=\"modal\" data-target=\".fusion-modal.expert\"><span class=\"fusion-button-text awb-button__text awb-button__text--default\">Contacte<\/span><\/a><\/div><\/div><\/div><\/div><\/div>\n<\/p>\n","protected":false},"excerpt":{"rendered":"","protected":false},"author":6,"featured_media":0,"parent":0,"menu_order":0,"comment_status":"open","ping_status":"open","template":"100-width.php","meta":{"footnotes":""},"class_list":["post-10257","page","type-page","status-publish","hentry"],"yoast_head":"<!-- This site is optimized with the Yoast SEO plugin v27.2 - https:\/\/yoast.com\/product\/yoast-seo-wordpress\/ -->\n<title>Internacional - ARCO Abogados<\/title>\n<meta name=\"robots\" content=\"index, follow, max-snippet:-1, max-image-preview:large, max-video-preview:-1\" \/>\n<link rel=\"canonical\" href=\"https:\/\/www.arcoabogados.es\/ca\/internacional-2\" \/>\n<meta property=\"og:locale\" content=\"ca_ES\" \/>\n<meta property=\"og:type\" content=\"article\" \/>\n<meta property=\"og:title\" content=\"Internacional - ARCO Abogados\" \/>\n<meta property=\"og:url\" content=\"https:\/\/www.arcoabogados.es\/ca\/internacional-2\" \/>\n<meta property=\"og:site_name\" content=\"ARCO Abogados\" \/>\n<meta property=\"article:modified_time\" content=\"2024-08-08T19:53:26+00:00\" \/>\n<meta name=\"twitter:card\" content=\"summary_large_image\" \/>\n<script type=\"application\/ld+json\" class=\"yoast-schema-graph\">{\"@context\":\"https:\/\/schema.org\",\"@graph\":[{\"@type\":\"WebPage\",\"@id\":\"https:\/\/www.arcoabogados.es\/ca\/internacional-2\",\"url\":\"https:\/\/www.arcoabogados.es\/ca\/internacional-2\",\"name\":\"Internacional - ARCO Abogados\",\"isPartOf\":{\"@id\":\"https:\/\/www.arcoabogados.es\/ca#website\"},\"datePublished\":\"2023-02-08T10:31:41+00:00\",\"dateModified\":\"2024-08-08T19:53:26+00:00\",\"breadcrumb\":{\"@id\":\"https:\/\/www.arcoabogados.es\/ca\/internacional-2#breadcrumb\"},\"inLanguage\":\"ca\",\"potentialAction\":[{\"@type\":\"ReadAction\",\"target\":[\"https:\/\/www.arcoabogados.es\/ca\/internacional-2\"]}]},{\"@type\":\"BreadcrumbList\",\"@id\":\"https:\/\/www.arcoabogados.es\/ca\/internacional-2#breadcrumb\",\"itemListElement\":[{\"@type\":\"ListItem\",\"position\":1,\"name\":\"Inici\",\"item\":\"https:\/\/www.arcoabogados.es\/ca\/inici\"},{\"@type\":\"ListItem\",\"position\":2,\"name\":\"Internacional\"}]},{\"@type\":\"WebSite\",\"@id\":\"https:\/\/www.arcoabogados.es\/ca#website\",\"url\":\"https:\/\/www.arcoabogados.es\/ca\",\"name\":\"ARCO Abogados\",\"description\":\"Leading Tax and Legal Practice in Spain\",\"publisher\":{\"@id\":\"https:\/\/www.arcoabogados.es\/ca#organization\"},\"potentialAction\":[{\"@type\":\"SearchAction\",\"target\":{\"@type\":\"EntryPoint\",\"urlTemplate\":\"https:\/\/www.arcoabogados.es\/ca?s={search_term_string}\"},\"query-input\":{\"@type\":\"PropertyValueSpecification\",\"valueRequired\":true,\"valueName\":\"search_term_string\"}}],\"inLanguage\":\"ca\"},{\"@type\":\"Organization\",\"@id\":\"https:\/\/www.arcoabogados.es\/ca#organization\",\"name\":\"ARCO Abogados\",\"url\":\"https:\/\/www.arcoabogados.es\/ca\",\"logo\":{\"@type\":\"ImageObject\",\"inLanguage\":\"ca\",\"@id\":\"https:\/\/www.arcoabogados.es\/ca#\/schema\/logo\/image\/\",\"url\":\"https:\/\/www.arcoabogados.es\/wp-content\/uploads\/2023\/07\/arco-logo-160px.png\",\"contentUrl\":\"https:\/\/www.arcoabogados.es\/wp-content\/uploads\/2023\/07\/arco-logo-160px.png\",\"width\":160,\"height\":42,\"caption\":\"ARCO Abogados\"},\"image\":{\"@id\":\"https:\/\/www.arcoabogados.es\/ca#\/schema\/logo\/image\/\"},\"sameAs\":[\"https:\/\/www.linkedin.com\/company\/arcoabogados\/\"]}]}<\/script>\n<!-- \/ Yoast SEO plugin. -->","yoast_head_json":{"title":"Internacional - ARCO Abogados","robots":{"index":"index","follow":"follow","max-snippet":"max-snippet:-1","max-image-preview":"max-image-preview:large","max-video-preview":"max-video-preview:-1"},"canonical":"https:\/\/www.arcoabogados.es\/ca\/internacional-2","og_locale":"ca_ES","og_type":"article","og_title":"Internacional - ARCO Abogados","og_url":"https:\/\/www.arcoabogados.es\/ca\/internacional-2","og_site_name":"ARCO Abogados","article_modified_time":"2024-08-08T19:53:26+00:00","twitter_card":"summary_large_image","schema":{"@context":"https:\/\/schema.org","@graph":[{"@type":"WebPage","@id":"https:\/\/www.arcoabogados.es\/ca\/internacional-2","url":"https:\/\/www.arcoabogados.es\/ca\/internacional-2","name":"Internacional - ARCO Abogados","isPartOf":{"@id":"https:\/\/www.arcoabogados.es\/ca#website"},"datePublished":"2023-02-08T10:31:41+00:00","dateModified":"2024-08-08T19:53:26+00:00","breadcrumb":{"@id":"https:\/\/www.arcoabogados.es\/ca\/internacional-2#breadcrumb"},"inLanguage":"ca","potentialAction":[{"@type":"ReadAction","target":["https:\/\/www.arcoabogados.es\/ca\/internacional-2"]}]},{"@type":"BreadcrumbList","@id":"https:\/\/www.arcoabogados.es\/ca\/internacional-2#breadcrumb","itemListElement":[{"@type":"ListItem","position":1,"name":"Inici","item":"https:\/\/www.arcoabogados.es\/ca\/inici"},{"@type":"ListItem","position":2,"name":"Internacional"}]},{"@type":"WebSite","@id":"https:\/\/www.arcoabogados.es\/ca#website","url":"https:\/\/www.arcoabogados.es\/ca","name":"ARCO Abogados","description":"Leading Tax and Legal Practice in Spain","publisher":{"@id":"https:\/\/www.arcoabogados.es\/ca#organization"},"potentialAction":[{"@type":"SearchAction","target":{"@type":"EntryPoint","urlTemplate":"https:\/\/www.arcoabogados.es\/ca?s={search_term_string}"},"query-input":{"@type":"PropertyValueSpecification","valueRequired":true,"valueName":"search_term_string"}}],"inLanguage":"ca"},{"@type":"Organization","@id":"https:\/\/www.arcoabogados.es\/ca#organization","name":"ARCO Abogados","url":"https:\/\/www.arcoabogados.es\/ca","logo":{"@type":"ImageObject","inLanguage":"ca","@id":"https:\/\/www.arcoabogados.es\/ca#\/schema\/logo\/image\/","url":"https:\/\/www.arcoabogados.es\/wp-content\/uploads\/2023\/07\/arco-logo-160px.png","contentUrl":"https:\/\/www.arcoabogados.es\/wp-content\/uploads\/2023\/07\/arco-logo-160px.png","width":160,"height":42,"caption":"ARCO Abogados"},"image":{"@id":"https:\/\/www.arcoabogados.es\/ca#\/schema\/logo\/image\/"},"sameAs":["https:\/\/www.linkedin.com\/company\/arcoabogados\/"]}]}},"_links":{"self":[{"href":"https:\/\/www.arcoabogados.es\/ca\/wp-json\/wp\/v2\/pages\/10257","targetHints":{"allow":["GET"]}}],"collection":[{"href":"https:\/\/www.arcoabogados.es\/ca\/wp-json\/wp\/v2\/pages"}],"about":[{"href":"https:\/\/www.arcoabogados.es\/ca\/wp-json\/wp\/v2\/types\/page"}],"author":[{"embeddable":true,"href":"https:\/\/www.arcoabogados.es\/ca\/wp-json\/wp\/v2\/users\/6"}],"replies":[{"embeddable":true,"href":"https:\/\/www.arcoabogados.es\/ca\/wp-json\/wp\/v2\/comments?post=10257"}],"version-history":[{"count":20,"href":"https:\/\/www.arcoabogados.es\/ca\/wp-json\/wp\/v2\/pages\/10257\/revisions"}],"predecessor-version":[{"id":11842,"href":"https:\/\/www.arcoabogados.es\/ca\/wp-json\/wp\/v2\/pages\/10257\/revisions\/11842"}],"wp:attachment":[{"href":"https:\/\/www.arcoabogados.es\/ca\/wp-json\/wp\/v2\/media?parent=10257"}],"curies":[{"name":"wp","href":"https:\/\/api.w.org\/{rel}","templated":true}]}}