{"id":10159,"date":"2023-02-28T18:05:45","date_gmt":"2023-02-28T17:05:45","guid":{"rendered":"https:\/\/www.arcoabogados.es\/andorra-desk-2"},"modified":"2024-07-28T23:32:18","modified_gmt":"2024-07-28T21:32:18","slug":"andorra-desk","status":"publish","type":"page","link":"https:\/\/www.arcoabogados.es\/ca\/andorra-desk","title":{"rendered":"Andorra desk"},"content":{"rendered":"<p><div class=\"fusion-fullwidth fullwidth-box fusion-builder-row-1 fusion-flex-container nonhundred-percent-fullwidth non-hundred-percent-height-scrolling\" style=\"--awb-border-radius-top-left:0px;--awb-border-radius-top-right:0px;--awb-border-radius-bottom-right:0px;--awb-border-radius-bottom-left:0px;--awb-padding-top:0px;--awb-margin-top:0px;--awb-flex-wrap:wrap;\" ><div class=\"fusion-builder-row fusion-row fusion-flex-align-items-stretch fusion-flex-content-wrap\" style=\"max-width:1248px;margin-left: calc(-4% \/ 2 );margin-right: calc(-4% \/ 2 );\"><div class=\"fusion-layout-column fusion_builder_column fusion-builder-column-0 fusion_builder_column_1_1 1_1 fusion-flex-column\" style=\"--awb-bg-size:cover;--awb-width-large:100%;--awb-margin-top-large:0px;--awb-spacing-right-large:1.92%;--awb-margin-bottom-large:20px;--awb-spacing-left-large:1.92%;--awb-width-medium:100%;--awb-order-medium:0;--awb-spacing-right-medium:1.92%;--awb-spacing-left-medium:1.92%;--awb-width-small:100%;--awb-order-small:0;--awb-spacing-right-small:1.92%;--awb-spacing-left-small:1.92%;\"><div class=\"fusion-column-wrapper fusion-column-has-shadow fusion-flex-justify-content-flex-start fusion-content-layout-column\"><div class=\"fusion-title title fusion-title-1 fusion-sep-none fusion-title-text fusion-title-size-three\" style=\"--awb-text-color:#cc0033;--awb-margin-top-small:10px;--awb-margin-right-small:0px;--awb-margin-bottom-small:10px;--awb-margin-left-small:0px;\"><h3 class=\"fusion-title-heading title-heading-left\" style=\"margin:0;\">Andorra desk<\/h3><\/div><div class=\"fusion-text fusion-text-1\"><p>Fruit de l&#8217;estreta col\u00b7laboraci\u00f3 del nostre despatx amb la Cambra de Comer\u00e7 d&#8217;Andorra en els \u00faltims anys, hem participat activament en el disseny i regulaci\u00f3 del nou sistema fiscal del Principat d&#8217;Andorra (noves lleis d&#8217;impostos directes i indirectes). Tamb\u00e9 hem participat en la redacci\u00f3 dels projectes de llei que han perm\u00e8s l&#8217;obertura del pa\u00eds a la inversi\u00f3 estrangera.<\/p>\n<p>El nou marc jur\u00eddic d&#8217;Andorra cont\u00e9 un sistema fiscal molt atractiu per a particulars i empreses. Es caracteritza per tipus impositius m\u00e9s baixos i incentius fiscals per a les activitats financeres internacionals. Al mateix temps, gr\u00e0cies a aquestes reformes, Andorra ja no figura a la llista de paradisos fiscals. Tot aix\u00f2, juntament amb la nova normativa que regula la inversi\u00f3 estrangera, fa que Andorra sigui realment atractiva per a la inversi\u00f3 estrangera.<\/p>\n<p>Com a resultat del treball que hem realitzat en els \u00faltims anys, tenim un coneixement exhaustiu de la normativa legal i fiscal del pa\u00eds, aix\u00ed com de les seves oportunitats d&#8217;inversi\u00f3.<\/p>\n<p>Un equip especialitzat de professionals de la Firma presta serveis d&#8217;assessorament fiscal i jur\u00eddic a inversors internacionals, aix\u00ed com totes les gestions necess\u00e0ries per a la constituci\u00f3 de societats a Andorra.<\/p>\n<\/div><\/div><\/div><\/div><\/div><div class=\"fusion-fullwidth fullwidth-box fusion-builder-row-2 fusion-flex-container nonhundred-percent-fullwidth non-hundred-percent-height-scrolling\" style=\"--awb-border-radius-top-left:0px;--awb-border-radius-top-right:0px;--awb-border-radius-bottom-right:0px;--awb-border-radius-bottom-left:0px;--awb-padding-top:50px;--awb-padding-bottom:50px;--awb-background-color:#282828;--awb-flex-wrap:wrap;\" ><div class=\"fusion-builder-row fusion-row fusion-flex-align-items-center fusion-flex-content-wrap\" style=\"max-width:1248px;margin-left: calc(-4% \/ 2 );margin-right: calc(-4% \/ 2 );\"><div class=\"fusion-layout-column fusion_builder_column fusion-builder-column-1 fusion_builder_column_3_4 3_4 fusion-flex-column\" style=\"--awb-bg-size:cover;--awb-width-large:75%;--awb-margin-top-large:20px;--awb-spacing-right-large:3.84%;--awb-margin-bottom-large:20px;--awb-spacing-left-large:2.56%;--awb-width-medium:100%;--awb-order-medium:0;--awb-spacing-right-medium:1.92%;--awb-spacing-left-medium:1.92%;--awb-width-small:100%;--awb-order-small:0;--awb-spacing-right-small:1.92%;--awb-spacing-left-small:1.92%;\"><div class=\"fusion-column-wrapper fusion-column-has-shadow fusion-flex-justify-content-flex-start fusion-content-layout-column\"><div class=\"fusion-text fusion-text-2\" style=\"--awb-text-color:#ffffff;\"><p><strong>Posar-se en contacte<\/strong><\/p>\n<p>Si te alguna pregunta sobre Arco Abogados o els nostres serveis, si us plau contacti amb nosaltres.<br \/>Respondre\u2019m el m\u00e9s aviat possible.<\/p>\n<\/div><div class=\"fusion-modal modal fade modal-1 expert\" tabindex=\"-1\" role=\"dialog\" aria-labelledby=\"modal-heading-1\" aria-hidden=\"true\" style=\"--awb-border-color:#e2e2e2;--awb-background:#ffffff;\"><div class=\"modal-dialog modal-lg\" role=\"document\"><div class=\"modal-content fusion-modal-content\"><div class=\"modal-header\"><button class=\"close\" type=\"button\" data-dismiss=\"modal\" aria-hidden=\"true\" aria-label=\"Close\">&times;<\/button><h3 class=\"modal-title\" id=\"modal-heading-1\" data-dismiss=\"modal\" aria-hidden=\"true\">Pregunti a un dels nostres experts!<\/h3><\/div><div class=\"modal-body fusion-clearfix\">\n<p>Estem a la seva disposici\u00f3 per ajudar-lo. Si te qualsevol pregunta o necessita assessorament, no dubti en contactar amb nosaltres. A ARCO Abogados ens comprometem a oferir-li la orientaci\u00f3 i recol\u00e7ament necessaris per resoldre els seus dubtes de forma efectiva.  <\/p>\n<div class=\"fusion-separator fusion-full-width-sep\" style=\"align-self: center;margin-left: auto;margin-right: auto;margin-top:10px;margin-bottom:10px;width:100%;\"><\/div>\n\n<div class=\"wpcf7 no-js\" id=\"wpcf7-f11450-o1\" lang=\"ca\" dir=\"ltr\" data-wpcf7-id=\"11450\">\n<div class=\"screen-reader-response\"><p role=\"status\" aria-live=\"polite\" aria-atomic=\"true\"><\/p> <ul><\/ul><\/div>\n<form action=\"\/ca\/wp-json\/wp\/v2\/pages\/10159#wpcf7-f11450-o1\" method=\"post\" class=\"wpcf7-form init\" aria-label=\"Formulari de contacte\" novalidate=\"novalidate\" data-status=\"init\">\n<fieldset class=\"hidden-fields-container\"><input type=\"hidden\" name=\"_wpcf7\" value=\"11450\" \/><input type=\"hidden\" name=\"_wpcf7_version\" value=\"6.1.5\" \/><input type=\"hidden\" name=\"_wpcf7_locale\" value=\"ca\" \/><input type=\"hidden\" name=\"_wpcf7_unit_tag\" value=\"wpcf7-f11450-o1\" \/><input type=\"hidden\" name=\"_wpcf7_container_post\" value=\"0\" \/><input type=\"hidden\" name=\"_wpcf7_posted_data_hash\" value=\"\" \/><input type=\"hidden\" name=\"_wpcf7_recaptcha_response\" value=\"\" \/>\n<\/fieldset>\n<p><label>NOM<br \/>\n<span class=\"wpcf7-form-control-wrap\" data-name=\"your-name\"><input size=\"40\" maxlength=\"400\" class=\"wpcf7-form-control wpcf7-text wpcf7-validates-as-required\" aria-required=\"true\" aria-invalid=\"false\" value=\"\" type=\"text\" name=\"your-name\" \/><\/span> <\/label>\n<\/p>\n<div class=\"fusion-one-half fusion-layout-column fusion-spacing-yes\" style=\"margin-bottom: 0px\">\n\t<p><label>TEL\u00c8FON<br \/>\n<span class=\"wpcf7-form-control-wrap\" data-name=\"your-tel\"><input size=\"40\" maxlength=\"400\" class=\"wpcf7-form-control wpcf7-text wpcf7-validates-as-required\" aria-required=\"true\" aria-invalid=\"false\" value=\"\" type=\"text\" name=\"your-tel\" \/><\/span> <\/label>\n\t<\/p>\n<\/div>\n<div class=\"fusion-one-half fusion-layout-column fusion-column-last fusion-spacing-yes\" style=\"margin-bottom: 0px\">\n\t<p><label>EMAIL<br \/>\n<span class=\"wpcf7-form-control-wrap\" data-name=\"your-email\"><input size=\"40\" maxlength=\"400\" class=\"wpcf7-form-control wpcf7-email wpcf7-validates-as-required wpcf7-text wpcf7-validates-as-email\" aria-required=\"true\" aria-invalid=\"false\" value=\"\" type=\"email\" name=\"your-email\" \/><\/span> <\/label>\n\t<\/p>\n<\/div>\n<p><label>ASSUMPTE<br \/>\n<span class=\"wpcf7-form-control-wrap\" data-name=\"your-subject\"><input size=\"40\" maxlength=\"400\" class=\"wpcf7-form-control wpcf7-text wpcf7-validates-as-required\" aria-required=\"true\" aria-invalid=\"false\" value=\"\" type=\"text\" name=\"your-subject\" \/><\/span> <\/label>\n<\/p>\n<p><label>MISSATGE<br \/>\n<span class=\"wpcf7-form-control-wrap\" data-name=\"your-message\"><textarea cols=\"40\" rows=\"10\" maxlength=\"2000\" class=\"wpcf7-form-control wpcf7-textarea wpcf7-validates-as-required\" aria-required=\"true\" aria-invalid=\"false\" name=\"your-message\"><\/textarea><\/span> <\/label>\n<\/p>\n<p><span class=\"wpcf7-form-control-wrap\" data-name=\"acceptance-176\"><span class=\"wpcf7-form-control wpcf7-acceptance\"><span class=\"wpcf7-list-item\"><label><input type=\"checkbox\" name=\"acceptance-176\" value=\"1\" aria-invalid=\"false\" \/><span class=\"wpcf7-list-item-label\">Si, dono el meu consentiment a que les meves dades siguin desades segons la <a href=\"\/?p=4689\" target=\"_blank\">Pol\u00edtica de Privacitat<\/a>.<\/span><\/label><\/span><\/span><\/span>\n<\/p>\n<p><small>Aquest lloc est\u00e0 protegit per reCAPTCHA i aplica la <a href=\"https:\/\/policies.google.com\/privacy\">Pol\u00edtica de Privacitat<\/a> i els <a href=\"https:\/\/policies.google.com\/terms\">Termes de Servei<\/a> de Google.<\/small>\n<\/p>\n<p><input class=\"wpcf7-form-control wpcf7-submit has-spinner\" type=\"submit\" value=\"ENVIAR\" \/>\n<\/p><div class=\"fusion-alert alert custom alert-custom fusion-alert-center wpcf7-response-output awb-alert-native-link-color alert-dismissable awb-alert-close-boxed\" style=\"--awb-border-size:1px;--awb-border-top-left-radius:0px;--awb-border-top-right-radius:0px;--awb-border-bottom-left-radius:0px;--awb-border-bottom-right-radius:0px;\" role=\"alert\"><div class=\"fusion-alert-content-wrapper\"><span class=\"fusion-alert-content\"><\/span><\/div><button type=\"button\" class=\"close toggle-alert\" data-dismiss=\"alert\" aria-label=\"Close\">&times;<\/button><\/div>\n<\/form>\n<\/div>\n\n<\/div><\/div><\/div><\/div><\/div><\/div><div class=\"fusion-layout-column fusion_builder_column fusion-builder-column-2 fusion_builder_column_1_4 1_4 fusion-flex-column\" style=\"--awb-bg-size:cover;--awb-width-large:25%;--awb-margin-top-large:20px;--awb-spacing-right-large:7.68%;--awb-margin-bottom-large:20px;--awb-spacing-left-large:3.84%;--awb-width-medium:100%;--awb-order-medium:0;--awb-spacing-right-medium:1.92%;--awb-spacing-left-medium:1.92%;--awb-width-small:100%;--awb-order-small:0;--awb-spacing-right-small:1.92%;--awb-spacing-left-small:1.92%;\"><div class=\"fusion-column-wrapper fusion-column-has-shadow fusion-flex-justify-content-center fusion-content-layout-row fusion-flex-align-items-center\"><div ><a class=\"fusion-button button-flat button-xlarge button-custom fusion-button-default button-1 fusion-button-default-span fusion-button-default-type\" style=\"--button_accent_color:var(--awb-color1);--button_border_color:#ffffff;--button_accent_hover_color:#282828;--button_border_hover_color:#ffffff;--button_border_width-top:1px;--button_border_width-right:1px;--button_border_width-bottom:1px;--button_border_width-left:1px;--button_gradient_top_color:#282828;--button_gradient_bottom_color:#282828;--button_gradient_top_color_hover:#ffffff;--button_gradient_bottom_color_hover:#ffffff;\" target=\"_self\" href=\"#\" data-toggle=\"modal\" data-target=\".fusion-modal.expert\"><span class=\"fusion-button-text awb-button__text awb-button__text--default\">Contacte<\/span><\/a><\/div><\/div><\/div><\/div><\/div>\n<\/p>\n","protected":false},"excerpt":{"rendered":"","protected":false},"author":6,"featured_media":0,"parent":0,"menu_order":0,"comment_status":"closed","ping_status":"closed","template":"100-width.php","meta":{"footnotes":""},"class_list":["post-10159","page","type-page","status-publish","hentry"],"yoast_head":"<!-- This site is optimized with the Yoast SEO plugin v27.2 - https:\/\/yoast.com\/product\/yoast-seo-wordpress\/ -->\n<title>Andorra desk - ARCO Abogados<\/title>\n<meta name=\"robots\" content=\"index, follow, max-snippet:-1, max-image-preview:large, max-video-preview:-1\" \/>\n<link rel=\"canonical\" href=\"https:\/\/www.arcoabogados.es\/ca\/andorra-desk\" \/>\n<meta property=\"og:locale\" content=\"ca_ES\" \/>\n<meta property=\"og:type\" content=\"article\" \/>\n<meta property=\"og:title\" content=\"Andorra desk - ARCO Abogados\" \/>\n<meta property=\"og:url\" content=\"https:\/\/www.arcoabogados.es\/ca\/andorra-desk\" \/>\n<meta property=\"og:site_name\" content=\"ARCO Abogados\" \/>\n<meta property=\"article:modified_time\" content=\"2024-07-28T21:32:18+00:00\" \/>\n<meta name=\"twitter:card\" content=\"summary_large_image\" \/>\n<script type=\"application\/ld+json\" class=\"yoast-schema-graph\">{\"@context\":\"https:\/\/schema.org\",\"@graph\":[{\"@type\":\"WebPage\",\"@id\":\"https:\/\/www.arcoabogados.es\/ca\/andorra-desk\",\"url\":\"https:\/\/www.arcoabogados.es\/ca\/andorra-desk\",\"name\":\"Andorra desk - ARCO Abogados\",\"isPartOf\":{\"@id\":\"https:\/\/www.arcoabogados.es\/ca#website\"},\"datePublished\":\"2023-02-28T17:05:45+00:00\",\"dateModified\":\"2024-07-28T21:32:18+00:00\",\"breadcrumb\":{\"@id\":\"https:\/\/www.arcoabogados.es\/ca\/andorra-desk#breadcrumb\"},\"inLanguage\":\"ca\",\"potentialAction\":[{\"@type\":\"ReadAction\",\"target\":[\"https:\/\/www.arcoabogados.es\/ca\/andorra-desk\"]}]},{\"@type\":\"BreadcrumbList\",\"@id\":\"https:\/\/www.arcoabogados.es\/ca\/andorra-desk#breadcrumb\",\"itemListElement\":[{\"@type\":\"ListItem\",\"position\":1,\"name\":\"Inici\",\"item\":\"https:\/\/www.arcoabogados.es\/ca\/inici\"},{\"@type\":\"ListItem\",\"position\":2,\"name\":\"Andorra desk\"}]},{\"@type\":\"WebSite\",\"@id\":\"https:\/\/www.arcoabogados.es\/ca#website\",\"url\":\"https:\/\/www.arcoabogados.es\/ca\",\"name\":\"ARCO Abogados\",\"description\":\"Leading Tax and Legal Practice in Spain\",\"publisher\":{\"@id\":\"https:\/\/www.arcoabogados.es\/ca#organization\"},\"potentialAction\":[{\"@type\":\"SearchAction\",\"target\":{\"@type\":\"EntryPoint\",\"urlTemplate\":\"https:\/\/www.arcoabogados.es\/ca?s={search_term_string}\"},\"query-input\":{\"@type\":\"PropertyValueSpecification\",\"valueRequired\":true,\"valueName\":\"search_term_string\"}}],\"inLanguage\":\"ca\"},{\"@type\":\"Organization\",\"@id\":\"https:\/\/www.arcoabogados.es\/ca#organization\",\"name\":\"ARCO Abogados\",\"url\":\"https:\/\/www.arcoabogados.es\/ca\",\"logo\":{\"@type\":\"ImageObject\",\"inLanguage\":\"ca\",\"@id\":\"https:\/\/www.arcoabogados.es\/ca#\/schema\/logo\/image\/\",\"url\":\"https:\/\/www.arcoabogados.es\/wp-content\/uploads\/2023\/07\/arco-logo-160px.png\",\"contentUrl\":\"https:\/\/www.arcoabogados.es\/wp-content\/uploads\/2023\/07\/arco-logo-160px.png\",\"width\":160,\"height\":42,\"caption\":\"ARCO Abogados\"},\"image\":{\"@id\":\"https:\/\/www.arcoabogados.es\/ca#\/schema\/logo\/image\/\"},\"sameAs\":[\"https:\/\/www.linkedin.com\/company\/arcoabogados\/\"]}]}<\/script>\n<!-- \/ Yoast SEO plugin. -->","yoast_head_json":{"title":"Andorra desk - ARCO Abogados","robots":{"index":"index","follow":"follow","max-snippet":"max-snippet:-1","max-image-preview":"max-image-preview:large","max-video-preview":"max-video-preview:-1"},"canonical":"https:\/\/www.arcoabogados.es\/ca\/andorra-desk","og_locale":"ca_ES","og_type":"article","og_title":"Andorra desk - ARCO Abogados","og_url":"https:\/\/www.arcoabogados.es\/ca\/andorra-desk","og_site_name":"ARCO Abogados","article_modified_time":"2024-07-28T21:32:18+00:00","twitter_card":"summary_large_image","schema":{"@context":"https:\/\/schema.org","@graph":[{"@type":"WebPage","@id":"https:\/\/www.arcoabogados.es\/ca\/andorra-desk","url":"https:\/\/www.arcoabogados.es\/ca\/andorra-desk","name":"Andorra desk - ARCO Abogados","isPartOf":{"@id":"https:\/\/www.arcoabogados.es\/ca#website"},"datePublished":"2023-02-28T17:05:45+00:00","dateModified":"2024-07-28T21:32:18+00:00","breadcrumb":{"@id":"https:\/\/www.arcoabogados.es\/ca\/andorra-desk#breadcrumb"},"inLanguage":"ca","potentialAction":[{"@type":"ReadAction","target":["https:\/\/www.arcoabogados.es\/ca\/andorra-desk"]}]},{"@type":"BreadcrumbList","@id":"https:\/\/www.arcoabogados.es\/ca\/andorra-desk#breadcrumb","itemListElement":[{"@type":"ListItem","position":1,"name":"Inici","item":"https:\/\/www.arcoabogados.es\/ca\/inici"},{"@type":"ListItem","position":2,"name":"Andorra desk"}]},{"@type":"WebSite","@id":"https:\/\/www.arcoabogados.es\/ca#website","url":"https:\/\/www.arcoabogados.es\/ca","name":"ARCO Abogados","description":"Leading Tax and Legal Practice in Spain","publisher":{"@id":"https:\/\/www.arcoabogados.es\/ca#organization"},"potentialAction":[{"@type":"SearchAction","target":{"@type":"EntryPoint","urlTemplate":"https:\/\/www.arcoabogados.es\/ca?s={search_term_string}"},"query-input":{"@type":"PropertyValueSpecification","valueRequired":true,"valueName":"search_term_string"}}],"inLanguage":"ca"},{"@type":"Organization","@id":"https:\/\/www.arcoabogados.es\/ca#organization","name":"ARCO Abogados","url":"https:\/\/www.arcoabogados.es\/ca","logo":{"@type":"ImageObject","inLanguage":"ca","@id":"https:\/\/www.arcoabogados.es\/ca#\/schema\/logo\/image\/","url":"https:\/\/www.arcoabogados.es\/wp-content\/uploads\/2023\/07\/arco-logo-160px.png","contentUrl":"https:\/\/www.arcoabogados.es\/wp-content\/uploads\/2023\/07\/arco-logo-160px.png","width":160,"height":42,"caption":"ARCO Abogados"},"image":{"@id":"https:\/\/www.arcoabogados.es\/ca#\/schema\/logo\/image\/"},"sameAs":["https:\/\/www.linkedin.com\/company\/arcoabogados\/"]}]}},"_links":{"self":[{"href":"https:\/\/www.arcoabogados.es\/ca\/wp-json\/wp\/v2\/pages\/10159","targetHints":{"allow":["GET"]}}],"collection":[{"href":"https:\/\/www.arcoabogados.es\/ca\/wp-json\/wp\/v2\/pages"}],"about":[{"href":"https:\/\/www.arcoabogados.es\/ca\/wp-json\/wp\/v2\/types\/page"}],"author":[{"embeddable":true,"href":"https:\/\/www.arcoabogados.es\/ca\/wp-json\/wp\/v2\/users\/6"}],"replies":[{"embeddable":true,"href":"https:\/\/www.arcoabogados.es\/ca\/wp-json\/wp\/v2\/comments?post=10159"}],"version-history":[{"count":8,"href":"https:\/\/www.arcoabogados.es\/ca\/wp-json\/wp\/v2\/pages\/10159\/revisions"}],"predecessor-version":[{"id":11548,"href":"https:\/\/www.arcoabogados.es\/ca\/wp-json\/wp\/v2\/pages\/10159\/revisions\/11548"}],"wp:attachment":[{"href":"https:\/\/www.arcoabogados.es\/ca\/wp-json\/wp\/v2\/media?parent=10159"}],"curies":[{"name":"wp","href":"https:\/\/api.w.org\/{rel}","templated":true}]}}