{"id":10150,"date":"2024-03-15T18:50:12","date_gmt":"2024-03-15T17:50:12","guid":{"rendered":"https:\/\/www.arcoabogados.es\/politica-de-cookies-2"},"modified":"2024-07-29T13:34:08","modified_gmt":"2024-07-29T11:34:08","slug":"politica-cookies","status":"publish","type":"page","link":"https:\/\/www.arcoabogados.es\/ca\/politica-cookies","title":{"rendered":"Pol\u00edtica de cookies"},"content":{"rendered":"<h1>Pol\u00edtica de cookies<\/h1>\n<p>L&#8217;acc\u00e9s a aquest Lloc web pot implicar la utilitzaci\u00f3 de cookies. Les cookies s\u00f3n petites quantitats d&#8217;informaci\u00f3 que s&#8217;emmagatzemen en el navegador utilitzat per cada Usuari -en els diferents dispositius que pugui utilitzar per a navegar- perqu\u00e8 el servidor recordi una certa informaci\u00f3 que posteriorment i \u00fanicament el servidor que la va implementar llegir\u00e0. Les cookies faciliten la navegaci\u00f3, la fan m\u00e9s amigable, i no danyen el dispositiu de navegaci\u00f3.  <\/p>\n<p>Les cookies s\u00f3n procediments autom\u00e0tics de recollida d&#8217;informaci\u00f3 relativa a les prefer\u00e8ncies determinades per l&#8217;Usuari durant la seva visita al Lloc web amb la finalitat de recon\u00e8ixer-lo com a Usuari, i personalitzar la seva experi\u00e8ncia i l&#8217;\u00fas del Lloc web, i poden tamb\u00e9, per exemple, ajudar a identificar i resoldre errors.<\/p>\n<p>La informaci\u00f3 recaptada a trav\u00e9s de les cookies pot incloure la data i hora de visites al Lloc web, les p\u00e0gines visionades, el temps que ha estat en el Lloc web i els llocs visitats just abans i despr\u00e9s d&#8217;aquest. No obstant aix\u00f2, cap cookie permet que aquesta mateixa pugui contactar amb el n\u00famero de tel\u00e8fon de l&#8217;Usuari o amb qualsevol altre mitj\u00e0 de contacte personal. Cap cookie pot extreure informaci\u00f3 del disc dur de l&#8217;Usuari o robar informaci\u00f3 personal. L&#8217;\u00fanica manera que la informaci\u00f3 privada de l&#8217;Usuari formi part de l&#8217;arxiu Cookie \u00e9s que l&#8217;usuari doni personalment aquesta informaci\u00f3 al servidor.   <\/p>\n<p>Les cookies que permeten identificar a una persona es consideren dades personals. Per tant, a les mateixes els ser\u00e0 aplicable la Pol\u00edtica de Privacitat anteriorment descrita. En aquest sentit, per a la utilitzaci\u00f3 de les mateixes ser\u00e0 necessari el consentiment de l&#8217;Usuari. Aquest consentiment ser\u00e0 comunicat, sobre la base d&#8217;una elecci\u00f3 aut\u00e8ntica, ofert mitjan\u00e7ant una decisi\u00f3 afirmativa i positiva, abans del tractament inicial, amovible i documentat.   <\/p>\n<h2>Cookies pr\u00f2pies<\/h2>\n<p>S\u00f3n aquelles cookies que s\u00f3n enviades a l&#8217;ordinador o dispositiu de l&#8217;Usuari i gestionades exclusivament per ARCO Abogados per al millor funcionament del Lloc web. La informaci\u00f3 que es recapta s&#8217;empra per a millorar la qualitat del Lloc web i el seu Contingut i la seva experi\u00e8ncia com a Usuari. Aquestes cookies permeten recon\u00e8ixer a l&#8217;Usuari com a visitant recurrent del Lloc web i adaptar el contingut per a oferir-li continguts que s&#8217;ajustin a les seves prefer\u00e8ncies.  <\/p>\n<h2>Cookies de tercers<\/h2>\n<p>S\u00f3n cookies utilitzades i gestionades per entitats externes que proporcionen a ARCO Abogados serveis sol\u00b7licitats per aquest mateix per a millorar el Lloc web i l&#8217;experi\u00e8ncia de l&#8217;usuari en navegar en el Lloc web. Els principals objectius per als quals s&#8217;utilitzen cookies de tercers s\u00f3n l&#8217;obtenci\u00f3 d&#8217;estad\u00edstiques d&#8217;accessos i analitzar la informaci\u00f3 de la navegaci\u00f3, \u00e9s a dir, com interactua l&#8217;Usuari amb el Lloc web. <\/p>\n<p>La informaci\u00f3 que s&#8217;obt\u00e9 es refereix, per exemple, al nombre de p\u00e0gines visitades, l&#8217;idioma, el lloc a la qual s&#8217;adre\u00e7a la IP i des del qual accedeix l&#8217;Usuari, el nombre d&#8217;Usuaris que accedeixen, la freq\u00fc\u00e8ncia i reincid\u00e8ncia de les visites, el temps de visita, el navegador que utilitzen, l&#8217;operador o tipus de dispositiu des del qual es fa la visita. Aquesta informaci\u00f3 s&#8217;utilitza per a millorar el Lloc web, i detectar noves necessitats per a oferir als Usuaris un Contingut i\/o servei d&#8217;\u00f2ptima qualitat. En tot cas, la informaci\u00f3 es recopila de manera an\u00f2nima i s&#8217;elaboren informes de tend\u00e8ncies del Lloc web sense identificar a usuaris individuals.  <\/p>\n<p>Pot obtenir m\u00e9s informaci\u00f3 sobre les cookies, la informaci\u00f3 sobre la privacitat, o consultar la descripci\u00f3 del tipus de cookies que s&#8217;utilitza, les seves principals caracter\u00edstiques, per\u00edode d&#8217;expiraci\u00f3, etc. en el seg\u00fcent(s) enlla\u00e7(s):<\/p>\n<p>Google Analytics: <a href=\"https:\/\/developers.google.com\/analytics\/\">https:\/\/developers.google.com\/analytics\/<\/a><\/p>\n<p>La(s) entitat(s) encarregada(es) del subministrament de cookies podr\u00e0(n) cedir aquesta informaci\u00f3 a tercers, sempre que l&#8217;exigeixi la llei o sigui un tercer el que processi aquesta informaci\u00f3 per a aquestes entitats.<\/p>\n<h2>Cookies de xarxes socials<\/h2>\n<p>ARCO Abogados incorpora plugins de xarxes socials, que permeten accedir a les mateixes a partir del Lloc web. Per aquesta ra\u00f3, les cookies de xarxes socials poden emmagatzemar-se en el navegador de l&#8217;Usuari. Els titulars d&#8217;aquestes xarxes socials disposen de les seves pr\u00f2pies pol\u00edtiques de protecci\u00f3 de dades i de cookies, sent ells mateixos, en cada cas, responsables dels seus propis fitxers i de les seves pr\u00f2pies pr\u00e0ctiques de privacitat. L&#8217;Usuari ha de referir-se a les mateixes per a informar-se sobre aquestes cookies i, si \u00e9s el cas, del tractament de les seves dades personals. \u00danicament a t\u00edtol informatiu s&#8217;indiquen a continuaci\u00f3 els enlla\u00e7os en els quals es poden consultar aquestes pol\u00edtiques de privacitat i\/o de cookies:    <\/p>\n<ul>\n<li>Facebook: <a href=\"https:\/\/www.facebook.com\/policies\/cookies\/\">https:\/\/www.facebook.com\/policies\/cookies\/<\/a><\/li>\n<li>Twitter: <a href=\"https:\/\/twitter.com\/es\/privacy\">https:\/\/twitter.com\/es\/privacy<\/a><\/li>\n<li>Instagram: <a href=\"https:\/\/help.instagram.com\/1896641480634370\">https:\/\/help.instagram.com\/1896641480634370<\/a><\/li>\n<li>YouTube: <a href=\"https:\/\/policies.google.com\/privacy?hl=es\">https:\/\/policies.google.com\/privacy?hl=es<\/a><\/li>\n<li>Pinterest: <a href=\"https:\/\/policy.pinterest.com\/es\/privacy-policy\">https:\/\/policy.pinterest.com\/es\/privacy-policy<\/a><\/li>\n<li>LinkedIn: <a href=\"https:\/\/www.linkedin.com\/legal\/cookie-policy?trk=hp-cookies\">https:\/\/www.linkedin.com\/legal\/cookie-policy?trk=hp-cookies<\/a><\/li>\n<\/ul>\n<h2>Deshabilitar, rebutjar i eliminar cookies<\/h2>\n<p>L&#8217;Usuari pot deshabilitar, rebutjar i eliminar les cookies \u2014totalment o parcialment\u2014 instal\u00b7lades en el seu dispositiu mitjan\u00e7ant la configuraci\u00f3 del seu navegador (entre els quals es troben, per exemple,Chrome, Firefox, Safari, Explorer). En aquest sentit, els procediments per a rebutjar i eliminar les cookies poden diferir d&#8217;un navegador d&#8217;Internet a un altre. En conseq\u00fc\u00e8ncia, l&#8217;Usuari ha d&#8217;acudir a les instruccions facilitades pel propi navegador d&#8217;Internet que estigui utilitzant. En el cas que rebutgi l&#8217;\u00fas de cookies \u2014totalment o parcialment\u2014 podr\u00e0 continuar usant el Lloc web, si b\u00e9 podr\u00e0 tenir limitada la utilitzaci\u00f3 d&#8217;algunes de les prestacions d&#8217;aquest.   <\/p>\n","protected":false},"excerpt":{"rendered":"<p>Pol\u00edtica de cookies L&#8217;acc\u00e9s a aquest Lloc web pot implicar<\/p>\n","protected":false},"author":10,"featured_media":0,"parent":0,"menu_order":0,"comment_status":"closed","ping_status":"closed","template":"","meta":{"footnotes":""},"class_list":["post-10150","page","type-page","status-publish","hentry"],"yoast_head":"<!-- This site is optimized with the Yoast SEO plugin v27.2 - https:\/\/yoast.com\/product\/yoast-seo-wordpress\/ -->\n<title>Pol\u00edtica de cookies - ARCO Abogados<\/title>\n<meta name=\"description\" content=\"Pol\u00edtica de cookies L&#039;acc\u00e9s a aquest Lloc web pot implicar la utilitzaci\u00f3 de cookies. Les cookies s\u00f3n petites quantitats d&#039;informaci\u00f3 que s&#039;emmagatzemen\" \/>\n<meta name=\"robots\" content=\"noindex, follow\" \/>\n<meta property=\"og:locale\" content=\"ca_ES\" \/>\n<meta property=\"og:type\" content=\"article\" \/>\n<meta property=\"og:title\" content=\"Pol\u00edtica de cookies - ARCO Abogados\" \/>\n<meta property=\"og:description\" content=\"Pol\u00edtica de cookies L&#039;acc\u00e9s a aquest Lloc web pot implicar la utilitzaci\u00f3 de cookies. Les cookies s\u00f3n petites quantitats d&#039;informaci\u00f3 que s&#039;emmagatzemen\" \/>\n<meta property=\"og:url\" content=\"https:\/\/www.arcoabogados.es\/ca\/politica-cookies\" \/>\n<meta property=\"og:site_name\" content=\"ARCO Abogados\" \/>\n<meta property=\"article:modified_time\" content=\"2024-07-29T11:34:08+00:00\" \/>\n<meta name=\"twitter:card\" content=\"summary_large_image\" \/>\n<script type=\"application\/ld+json\" class=\"yoast-schema-graph\">{\"@context\":\"https:\/\/schema.org\",\"@graph\":[{\"@type\":\"WebPage\",\"@id\":\"https:\/\/www.arcoabogados.es\/ca\/politica-cookies\",\"url\":\"https:\/\/www.arcoabogados.es\/ca\/politica-cookies\",\"name\":\"Pol\u00edtica de cookies - ARCO Abogados\",\"isPartOf\":{\"@id\":\"https:\/\/www.arcoabogados.es\/ca#website\"},\"datePublished\":\"2024-03-15T17:50:12+00:00\",\"dateModified\":\"2024-07-29T11:34:08+00:00\",\"description\":\"Pol\u00edtica de cookies L'acc\u00e9s a aquest Lloc web pot implicar la utilitzaci\u00f3 de cookies. Les cookies s\u00f3n petites quantitats d'informaci\u00f3 que s'emmagatzemen\",\"breadcrumb\":{\"@id\":\"https:\/\/www.arcoabogados.es\/ca\/politica-cookies#breadcrumb\"},\"inLanguage\":\"ca\",\"potentialAction\":[{\"@type\":\"ReadAction\",\"target\":[\"https:\/\/www.arcoabogados.es\/ca\/politica-cookies\"]}]},{\"@type\":\"BreadcrumbList\",\"@id\":\"https:\/\/www.arcoabogados.es\/ca\/politica-cookies#breadcrumb\",\"itemListElement\":[{\"@type\":\"ListItem\",\"position\":1,\"name\":\"Inici\",\"item\":\"https:\/\/www.arcoabogados.es\/ca\/inici\"},{\"@type\":\"ListItem\",\"position\":2,\"name\":\"Pol\u00edtica de cookies\"}]},{\"@type\":\"WebSite\",\"@id\":\"https:\/\/www.arcoabogados.es\/ca#website\",\"url\":\"https:\/\/www.arcoabogados.es\/ca\",\"name\":\"ARCO Abogados\",\"description\":\"Leading Tax and Legal Practice in Spain\",\"publisher\":{\"@id\":\"https:\/\/www.arcoabogados.es\/ca#organization\"},\"potentialAction\":[{\"@type\":\"SearchAction\",\"target\":{\"@type\":\"EntryPoint\",\"urlTemplate\":\"https:\/\/www.arcoabogados.es\/ca?s={search_term_string}\"},\"query-input\":{\"@type\":\"PropertyValueSpecification\",\"valueRequired\":true,\"valueName\":\"search_term_string\"}}],\"inLanguage\":\"ca\"},{\"@type\":\"Organization\",\"@id\":\"https:\/\/www.arcoabogados.es\/ca#organization\",\"name\":\"ARCO Abogados\",\"url\":\"https:\/\/www.arcoabogados.es\/ca\",\"logo\":{\"@type\":\"ImageObject\",\"inLanguage\":\"ca\",\"@id\":\"https:\/\/www.arcoabogados.es\/ca#\/schema\/logo\/image\/\",\"url\":\"https:\/\/www.arcoabogados.es\/wp-content\/uploads\/2023\/07\/arco-logo-160px.png\",\"contentUrl\":\"https:\/\/www.arcoabogados.es\/wp-content\/uploads\/2023\/07\/arco-logo-160px.png\",\"width\":160,\"height\":42,\"caption\":\"ARCO Abogados\"},\"image\":{\"@id\":\"https:\/\/www.arcoabogados.es\/ca#\/schema\/logo\/image\/\"},\"sameAs\":[\"https:\/\/www.linkedin.com\/company\/arcoabogados\/\"]}]}<\/script>\n<!-- \/ Yoast SEO plugin. -->","yoast_head_json":{"title":"Pol\u00edtica de cookies - ARCO Abogados","description":"Pol\u00edtica de cookies L'acc\u00e9s a aquest Lloc web pot implicar la utilitzaci\u00f3 de cookies. Les cookies s\u00f3n petites quantitats d'informaci\u00f3 que s'emmagatzemen","robots":{"index":"noindex","follow":"follow"},"og_locale":"ca_ES","og_type":"article","og_title":"Pol\u00edtica de cookies - ARCO Abogados","og_description":"Pol\u00edtica de cookies L'acc\u00e9s a aquest Lloc web pot implicar la utilitzaci\u00f3 de cookies. Les cookies s\u00f3n petites quantitats d'informaci\u00f3 que s'emmagatzemen","og_url":"https:\/\/www.arcoabogados.es\/ca\/politica-cookies","og_site_name":"ARCO Abogados","article_modified_time":"2024-07-29T11:34:08+00:00","twitter_card":"summary_large_image","schema":{"@context":"https:\/\/schema.org","@graph":[{"@type":"WebPage","@id":"https:\/\/www.arcoabogados.es\/ca\/politica-cookies","url":"https:\/\/www.arcoabogados.es\/ca\/politica-cookies","name":"Pol\u00edtica de cookies - ARCO Abogados","isPartOf":{"@id":"https:\/\/www.arcoabogados.es\/ca#website"},"datePublished":"2024-03-15T17:50:12+00:00","dateModified":"2024-07-29T11:34:08+00:00","description":"Pol\u00edtica de cookies L'acc\u00e9s a aquest Lloc web pot implicar la utilitzaci\u00f3 de cookies. Les cookies s\u00f3n petites quantitats d'informaci\u00f3 que s'emmagatzemen","breadcrumb":{"@id":"https:\/\/www.arcoabogados.es\/ca\/politica-cookies#breadcrumb"},"inLanguage":"ca","potentialAction":[{"@type":"ReadAction","target":["https:\/\/www.arcoabogados.es\/ca\/politica-cookies"]}]},{"@type":"BreadcrumbList","@id":"https:\/\/www.arcoabogados.es\/ca\/politica-cookies#breadcrumb","itemListElement":[{"@type":"ListItem","position":1,"name":"Inici","item":"https:\/\/www.arcoabogados.es\/ca\/inici"},{"@type":"ListItem","position":2,"name":"Pol\u00edtica de cookies"}]},{"@type":"WebSite","@id":"https:\/\/www.arcoabogados.es\/ca#website","url":"https:\/\/www.arcoabogados.es\/ca","name":"ARCO Abogados","description":"Leading Tax and Legal Practice in Spain","publisher":{"@id":"https:\/\/www.arcoabogados.es\/ca#organization"},"potentialAction":[{"@type":"SearchAction","target":{"@type":"EntryPoint","urlTemplate":"https:\/\/www.arcoabogados.es\/ca?s={search_term_string}"},"query-input":{"@type":"PropertyValueSpecification","valueRequired":true,"valueName":"search_term_string"}}],"inLanguage":"ca"},{"@type":"Organization","@id":"https:\/\/www.arcoabogados.es\/ca#organization","name":"ARCO Abogados","url":"https:\/\/www.arcoabogados.es\/ca","logo":{"@type":"ImageObject","inLanguage":"ca","@id":"https:\/\/www.arcoabogados.es\/ca#\/schema\/logo\/image\/","url":"https:\/\/www.arcoabogados.es\/wp-content\/uploads\/2023\/07\/arco-logo-160px.png","contentUrl":"https:\/\/www.arcoabogados.es\/wp-content\/uploads\/2023\/07\/arco-logo-160px.png","width":160,"height":42,"caption":"ARCO Abogados"},"image":{"@id":"https:\/\/www.arcoabogados.es\/ca#\/schema\/logo\/image\/"},"sameAs":["https:\/\/www.linkedin.com\/company\/arcoabogados\/"]}]}},"_links":{"self":[{"href":"https:\/\/www.arcoabogados.es\/ca\/wp-json\/wp\/v2\/pages\/10150","targetHints":{"allow":["GET"]}}],"collection":[{"href":"https:\/\/www.arcoabogados.es\/ca\/wp-json\/wp\/v2\/pages"}],"about":[{"href":"https:\/\/www.arcoabogados.es\/ca\/wp-json\/wp\/v2\/types\/page"}],"author":[{"embeddable":true,"href":"https:\/\/www.arcoabogados.es\/ca\/wp-json\/wp\/v2\/users\/10"}],"replies":[{"embeddable":true,"href":"https:\/\/www.arcoabogados.es\/ca\/wp-json\/wp\/v2\/comments?post=10150"}],"version-history":[{"count":1,"href":"https:\/\/www.arcoabogados.es\/ca\/wp-json\/wp\/v2\/pages\/10150\/revisions"}],"predecessor-version":[{"id":11576,"href":"https:\/\/www.arcoabogados.es\/ca\/wp-json\/wp\/v2\/pages\/10150\/revisions\/11576"}],"wp:attachment":[{"href":"https:\/\/www.arcoabogados.es\/ca\/wp-json\/wp\/v2\/media?parent=10150"}],"curies":[{"name":"wp","href":"https:\/\/api.w.org\/{rel}","templated":true}]}}